{"id":9145,"date":"2026-03-30T11:59:27","date_gmt":"2026-03-30T09:59:27","guid":{"rendered":"https:\/\/gencosmic.com\/educacio-sexual-per-a-formacio-professional\/"},"modified":"2026-04-23T11:28:51","modified_gmt":"2026-04-23T09:28:51","slug":"educacio-sexual-per-a-formacio-professional","status":"publish","type":"page","link":"https:\/\/gencosmic.com\/ca\/educacio-sexual-per-a-formacio-professional\/","title":{"rendered":"Educaci\u00f3 sexual per a formaci\u00f3 professional"},"content":{"rendered":"\n<div class=\"gb-element-0a25be2f\">\n<div class=\"gb-element-c0e7c99c\">\n<h1 class=\"gb-text gb-text-321e9987\"><strong>Educaci\u00f3 sexual per a formaci\u00f3 professional<\/strong><\/h1>\n\n\n\n<div class=\"gb-element-dcd2368a\"><\/div>\n\n\n\n<p class=\"gb-text gb-text-7a3c55d9\">ensenyar des de la pr\u00e0ctica, l&#8217;empatia i l&#8217;art<\/p>\n<\/div>\n<\/div>\n\n<div class=\"gb-element-5e40751e\">\n<div class=\"gb-element-88b528a8\">\n<div class=\"gb-element-532a8f35\">\n<h2 class=\"gb-text\"><strong>La rellev\u00e0ncia de l&#8217;educaci\u00f3 sexual a la formaci\u00f3 professional<\/strong><\/h2>\n\n\n\n<p class=\"gb-text gb-text-0c35e11b\">L&#8217;educaci\u00f3 sexual per a formaci\u00f3 professional \u00e9s una part essencial en la preparaci\u00f3 dels qui treballaran en \u00e0mbits vinculats amb la salut, l&#8217;educaci\u00f3 o el benestar social.<\/p>\n\n\n\n<p class=\"gb-text gb-text-22f8c2d7\">A Gencosmic, entenem que els futurs professionals necessiten eines reals, actualitzades i \u00e8tiques per acompanyar les persones amb coneixement i humanitat.<\/p>\n\n\n\n<p class=\"gb-text gb-text-65218c84\">Per aix\u00f2 hem creat el Malet\u00ed Pedag\u00f2gic Gencosmic, un recurs educatiu que uneix art, ci\u00e8ncia i educaci\u00f3 per ensenyar sobre el cos i la sexualitat des d&#8217;una perspectiva inclusiva i emp\u00e0tica.<\/p>\n\n\n\n<a class=\"gb-text gb-text-b0b9d2e5\" href=\"https:\/\/gencosmic.com\/ca\/contacto\/\">Contacte<\/a>\n<\/div>\n\n\n\n<div class=\"gb-element-7cdb251d\"><\/div>\n<\/div>\n<\/div>\n\n<div class=\"gb-element-2562526c\">\n<div class=\"gb-element-a0a038c6\">\n<div class=\"gb-element-46ed245b\"><\/div>\n\n\n\n<div class=\"gb-element-6feac52a\">\n<h2 class=\"gb-text gb-text-2d25ea0b\">El Kit d&#8217;ensenyament Gencosmic<\/h2>\n\n\n\n<p class=\"gb-text gb-text-81e80eba\">Els Kits Educatius Gencosmic s\u00f3n un recurs visual i pr\u00e0ctic per a l&#8217;ensenyament de l&#8217;educaci\u00f3 sexual basat en la realitat del cos.<\/p>\n\n\n\n<p class=\"gb-text gb-text-c659ea59\">Consisteixen en models anat\u00f2mics realistes que permeten veure, observar i entendre la diversitat corporal de manera directa, sense abstraccions.<\/p>\n\n\n\n<div class=\"gb-element-3c506494\">\n<p class=\"gb-text-4c96a963\"><span class=\"gb-shape\"><\/span><span class=\"gb-text\">Ajuda a entendre l&#8217;anatomia mitjan\u00e7ant eines visuals.<\/span><\/p>\n\n\n\n<p class=\"gb-text-4e8df61f\"><span class=\"gb-shape\"><\/span><span class=\"gb-text\">aproxima el cos a l&#8217;experi\u00e8ncia real<\/span><\/p>\n\n\n\n<p class=\"gb-text-606b445e\"><span class=\"gb-shape\"><\/span><span class=\"gb-text\">genera conversaci\u00f3 i reflexi\u00f3<\/span><\/p>\n\n\n\n<p class=\"gb-text-e8db2e48\"><span class=\"gb-shape\"><\/span><span class=\"gb-text\">trenca la dist\u00e0ncia entre teoria i realitat<\/span><\/p>\n<\/div>\n\n\n\n<a class=\"gb-text gb-text-c2089134\" href=\"#contacto\">M\u00e9s informaci\u00f3<\/a>\n<\/div>\n<\/div>\n<\/div>\n\n<div class=\"gb-element-49f48a6c\">\n<div class=\"gb-element-193df09b\">\n<h2 class=\"gb-text gb-text-9f1b6648\">Treballem amb diversos sectors educatius<\/h2>\n\n\n\n<div class=\"gb-element-fcee5b73\">\n<div class=\"gb-element-e8bfeb7a\">\n<p class=\"gb-text-dd0a8390\"><span class=\"gb-shape\">\n\t\n\t\t\n\t\n\t\t\n\t\n\t\t\n\t\n\t\t\n\t\n\t\t\n\t\t\t\n\t\t\n\t\t\t\n\t\n\t\n\t\t\n\t\t\t\n\t\t\n\t\t\t\n\t\t\n\t\t\t\n\t\t\n\t\t\t\n\t\n\t\n\t\t\n\t\n\t\t\n\n\n\n\n\n\n\n\n\n\n\n\n\n\n\n<\/span><\/p>\n\n\n\n<p class=\"gb-text gb-text-13f29f17\"><strong>Centres educatius<\/strong><\/p>\n<\/div>\n\n\n\n<div class=\"gb-element-69464f99\">\n<p class=\"gb-text-9fdf4fc1\"><span class=\"gb-shape\"><\/span><\/p>\n\n\n\n<p class=\"gb-text gb-text-a17ef76e\"><strong>Projectes Comunitaris<\/strong><\/p>\n<\/div>\n\n\n\n<div class=\"gb-element-daf0a230\">\n<p class=\"gb-text-67004e94\"><span class=\"gb-shape\"><\/span><\/p>\n\n\n\n<p class=\"gb-text gb-text-9781efd9\"><strong>Espais Culturals<\/strong><\/p>\n<\/div>\n\n\n\n<div class=\"gb-element-fc047386\">\n<p class=\"gb-text-9580f872\"><span class=\"gb-shape\"><\/span><\/p>\n\n\n\n<p class=\"gb-text gb-text-6a8b841f\"><strong>Sectors sanitaris<\/strong><\/p>\n<\/div>\n<\/div>\n<\/div>\n<\/div>\n\n<div class=\"gb-element-09c45cb9\">\n<div class=\"gb-element-1b0d9ec6\">\n<div class=\"gb-element-e8598d90\">\n\n\n<h2 class=\"gb-text gb-text-41651310\">Caracter\u00edstiques dels materials did\u00e0ctics<\/h2>\n\n\n\n<div class=\"gb-element-fb276ec2\">\n<p class=\"gb-text-989246c3\"><span class=\"gb-shape\"><\/span><span class=\"gb-text\">Models reals, creats a partir de cossos reals.<\/span><\/p>\n\n\n\n<p class=\"gb-text-9d26e892\"><span class=\"gb-shape\"><\/span><span class=\"gb-text\">Elaboraci\u00f3 artesanal amb materials segurs i duradors<\/span><\/p>\n\n\n\n<p class=\"gb-text-88ab7a1b\"><span class=\"gb-shape\"><\/span><span class=\"gb-text\">Alta qualitat visual i t\u00e0ctil.<\/span><\/p>\n\n\n\n<p class=\"gb-text-f65add82\"><span class=\"gb-shape\"><\/span><span class=\"gb-text\">Dissenyat per a activitats pr\u00e0ctiques, observaci\u00f3 i treball a l&#8217;aula.<\/span><\/p>\n\n\n\n<p class=\"gb-text-a58b83cb\"><span class=\"gb-shape\"><\/span><span class=\"gb-text\">Inclouen fitxes pedag\u00f2giques i guies d\u00fas.<\/span><\/p>\n\n\n\n<p class=\"gb-text-e87475b3\"><span class=\"gb-shape\"><\/span><span class=\"gb-text\">F\u00e0cil d&#8217;incorporar a lli\u00e7ons, tallers i entorns educatius.<\/span><\/p>\n<\/div>\n\n\n\n<p class=\"gb-text gb-text-663f5ea0\">Dissenyats per: generar conversa; despertar la curiositat; ajudar a la comprensi\u00f3; facilitar l&#8217;aprenentatge a trav\u00e9s de l&#8217;experi\u00e8ncia.<\/p>\n\n\n\n<a class=\"gb-text gb-text-eadc8c8d\" href=\"#contacto\">Contactar ara<\/a>\n<\/div>\n\n\n\n<div class=\"gb-element-082ea022\"><\/div>\n<\/div>\n<\/div>\n\n<div class=\"gb-element-cca821d6\">\n<div class=\"gb-element-3cb5a254\">\n<h2 class=\"gb-text gb-text-39605df1\">Qu\u00e8 inclou el paquet did\u00e0ctic?<\/h2>\n\n\n\n<p class=\"gb-text gb-text-25ad05ae\">El paquet educatiu \u00e9s una col\u00b7lecci\u00f3 de materials dissenyats per abordar la diversitat corporal de manera directa, visual i accessible.<\/p>\n\n\n\n<div class=\"gb-element-82c1b444\">\n<span class=\"gb-text gb-text-0837ac7a\">MATERIAL DE SILICONA<\/span>\n\n\n\n<p class=\"gb-text gb-text-134132a8\"><strong>Kit de vulves (silicona)<\/strong><\/p>\n\n\n\n<p class=\"gb-text gb-text-2705e1de\"><strong>6 vulves reals + cl\u00edtoris 3D<\/strong><\/p>\n\n\n\n<p class=\"gb-text gb-text-0e550bb9\">Una representaci\u00f3 exhaustiva i detallada de la diversitat vulvar. Dissenyada per observar, comparar i entendre sense filtres ni idealitzacions. <\/p>\n\n\n\n<div class=\"gb-element-25d25cb1\">\n<div class=\"gb-element-a9bcc923\">\n<img loading=\"lazy\" decoding=\"async\" width=\"2560\" height=\"1920\" class=\"gb-media-b36250ae\" alt=\"\" title=\"Kit complet vulves\" src=\"https:\/\/gencosmic.com\/wp-content\/uploads\/2026\/03\/pack-completo-vulvas-scaled.webp\" srcset=\"https:\/\/gencosmic.com\/wp-content\/uploads\/2026\/03\/pack-completo-vulvas-scaled.webp 2560w, https:\/\/gencosmic.com\/wp-content\/uploads\/2026\/03\/pack-completo-vulvas-300x225.webp 300w, https:\/\/gencosmic.com\/wp-content\/uploads\/2026\/03\/pack-completo-vulvas-1024x768.webp 1024w, https:\/\/gencosmic.com\/wp-content\/uploads\/2026\/03\/pack-completo-vulvas-768x576.webp 768w, https:\/\/gencosmic.com\/wp-content\/uploads\/2026\/03\/pack-completo-vulvas-1536x1152.webp 1536w, https:\/\/gencosmic.com\/wp-content\/uploads\/2026\/03\/pack-completo-vulvas-2048x1536.webp 2048w\" sizes=\"auto, (max-width: 2560px) 100vw, 2560px\" \/>\n\n\n\n<span class=\"gb-text gb-text-8858ca2a\">KIT COMPLET<\/span>\n<\/div>\n\n\n\n<div class=\"gb-element-bde852cd\">\n<img loading=\"lazy\" decoding=\"async\" width=\"2560\" height=\"1920\" class=\"gb-media-39da2ffa\" alt=\"\" title=\"Meitat d&apos;un paquet de vulves\" src=\"https:\/\/gencosmic.com\/wp-content\/uploads\/2026\/03\/medio-pack-vulvas-scaled.webp\" srcset=\"https:\/\/gencosmic.com\/wp-content\/uploads\/2026\/03\/medio-pack-vulvas-scaled.webp 2560w, https:\/\/gencosmic.com\/wp-content\/uploads\/2026\/03\/medio-pack-vulvas-300x225.webp 300w, https:\/\/gencosmic.com\/wp-content\/uploads\/2026\/03\/medio-pack-vulvas-1024x768.webp 1024w, https:\/\/gencosmic.com\/wp-content\/uploads\/2026\/03\/medio-pack-vulvas-768x576.webp 768w, https:\/\/gencosmic.com\/wp-content\/uploads\/2026\/03\/medio-pack-vulvas-1536x1152.webp 1536w, https:\/\/gencosmic.com\/wp-content\/uploads\/2026\/03\/medio-pack-vulvas-2048x1536.webp 2048w\" sizes=\"auto, (max-width: 2560px) 100vw, 2560px\" \/>\n\n\n\n<span class=\"gb-text gb-text-385843c4\">Meitat del paquet (3 vulves, sense cl\u00edtoris 3D)<\/span>\n<\/div>\n<\/div>\n<\/div>\n\n\n\n<div class=\"gb-element-df8f8593\">\n<div class=\"gb-element-13dabe38\">\n<div class=\"gb-element-03676e64\">\n<img loading=\"lazy\" decoding=\"async\" width=\"2560\" height=\"1920\" class=\"gb-media-fb9ae77c\" alt=\"\" title=\"logo-herbarom\" src=\"https:\/\/gencosmic.com\/wp-content\/uploads\/2026\/03\/Canal-Vaginal-scaled.webp\" srcset=\"https:\/\/gencosmic.com\/wp-content\/uploads\/2026\/03\/Canal-Vaginal-scaled.webp 2560w, https:\/\/gencosmic.com\/wp-content\/uploads\/2026\/03\/Canal-Vaginal-300x225.webp 300w, https:\/\/gencosmic.com\/wp-content\/uploads\/2026\/03\/Canal-Vaginal-1024x768.webp 1024w, https:\/\/gencosmic.com\/wp-content\/uploads\/2026\/03\/Canal-Vaginal-768x576.webp 768w, https:\/\/gencosmic.com\/wp-content\/uploads\/2026\/03\/Canal-Vaginal-1536x1152.webp 1536w, https:\/\/gencosmic.com\/wp-content\/uploads\/2026\/03\/Canal-Vaginal-2048x1536.webp 2048w\" sizes=\"auto, (max-width: 2560px) 100vw, 2560px\" \/>\n<\/div>\n\n\n\n<div class=\"gb-element-9a910ddc\">\n<p class=\"gb-text gb-text-05242815\"><strong>Canal vaginal (resina epoxi)<\/strong><\/p>\n\n\n\n<p class=\"gb-text gb-text-39ff095a\">Model anat\u00f2mic transparent. Permet veure el coll de l&#8217;\u00fater i comprendre clarament i f\u00e0cilment l&#8217;anatomia interna. <\/p>\n<\/div>\n<\/div>\n\n\n\n<div class=\"gb-element-a7ff9004\">\n<div class=\"gb-element-92432abc\">\n<img loading=\"lazy\" decoding=\"async\" width=\"2560\" height=\"1920\" class=\"gb-media-99821dc6\" alt=\"\" title=\"logo-herbarom\" src=\"https:\/\/gencosmic.com\/wp-content\/uploads\/2026\/03\/pack-penes-scaled.webp\" srcset=\"https:\/\/gencosmic.com\/wp-content\/uploads\/2026\/03\/pack-penes-scaled.webp 2560w, https:\/\/gencosmic.com\/wp-content\/uploads\/2026\/03\/pack-penes-300x225.webp 300w, https:\/\/gencosmic.com\/wp-content\/uploads\/2026\/03\/pack-penes-1024x768.webp 1024w, https:\/\/gencosmic.com\/wp-content\/uploads\/2026\/03\/pack-penes-768x576.webp 768w, https:\/\/gencosmic.com\/wp-content\/uploads\/2026\/03\/pack-penes-1536x1152.webp 1536w, https:\/\/gencosmic.com\/wp-content\/uploads\/2026\/03\/pack-penes-2048x1536.webp 2048w\" sizes=\"auto, (max-width: 2560px) 100vw, 2560px\" \/>\n<\/div>\n\n\n\n<div class=\"gb-element-ce6b3c7f\">\n<p class=\"gb-text gb-text-a0deda96\"><strong>Pack de penis (resina blanca)<\/strong><\/p>\n\n\n\n<p class=\"gb-text gb-text-ea846a2d\">Dos models reals: un circumcidat i un no circumcidat. Aix\u00f2 ajuda a promoure la comprensi\u00f3 de la diversitat genital masculina des d&#8217;una perspectiva realista, lliure d&#8217;estereotips. <\/p>\n<\/div>\n<\/div>\n\n\n<\/div>\n\n\n<\/div>\n<\/div>\n\n<div class=\"gb-element-8c708e48\">\n<div class=\"gb-element-bb318c49\">\n<div class=\"gb-element-d0d03da6\"><\/div>\n\n\n\n<div class=\"gb-element-ff3e1c07\">\n<h2 class=\"gb-text gb-text-04534b4f\">Recerca i desenvolupament educatius<\/h2>\n\n\n\n<p class=\"gb-text gb-text-239d377e\">Gencosmic \u00e9s un projecte din\u00e0mic. Un projecte que investiga, crea i desenvolupa noves maneres d&#8217;ensenyar sobre el cos. <\/p>\n\n\n\n<p class=\"gb-text gb-text-7c429cfb\">A trav\u00e9s de l&#8217;art i la pr\u00e0ctica docent, explorem noves maneres de:<\/p>\n\n\n\n<div class=\"gb-element-f7e5f2ae\">\n<p class=\"gb-text-9ba09bb5\"><span class=\"gb-shape\"><\/span><span class=\"gb-text\">representar el cos de manera \u00e8tica i real<\/span><\/p>\n\n\n\n<p class=\"gb-text-1f0df6de\"><span class=\"gb-shape\"><\/span><span class=\"gb-text\">crear materials educatius no normatius<\/span><\/p>\n\n\n\n<p class=\"gb-text-d6638c74\"><span class=\"gb-shape\"><\/span><span class=\"gb-text\">ampliar la diversitat corporal a l&#8217;educaci\u00f3 sexual<\/span><\/p>\n\n\n\n<p class=\"gb-text-91bb4c18\"><span class=\"gb-shape\"><\/span><span class=\"gb-text\">acompanyar processos educatius amb sensibilitat i rigor<\/span><\/p>\n<\/div>\n\n\n\n<a class=\"gb-text gb-text-5f1e514f\" href=\"http:\/\/void(0);\" id=\"obrir-popup-gohighlevel\">Col\u00b7laborar amb Gencosmic<\/a>\n<\/div>\n<\/div>\n<\/div>\n\n<div class=\"gb-element-12de03de\">\n<div class=\"gb-element-396311e9\">\n<div class=\"gb-element-68e830fb\">\n<h2 class=\"gb-text gb-text-a1a755e8\">Treballen amb el nostre material<\/h2>\n\n\n\n<p class=\"gb-text gb-text-a5447921\">Professionals, universitats, centres m\u00e8dics i associacions utilitzen els materials educatius de Gencosmic en els seus projectes educatius.<\/p>\n\n\n\n<div class=\"logo-marquee\">\n<div class=\"logo-track\">\n<a href=\"https:\/\/mireiagrossmann.com\/\" target=\"_blank\" rel=\"noopener\"><img loading=\"lazy\" decoding=\"async\" width=\"2384\" height=\"992\" class=\"gb-media-b6415c01\" alt=\"\" title=\"bbva\" src=\"https:\/\/gencosmic.com\/wp-content\/uploads\/2026\/03\/LogoMireia.webp\" srcset=\"https:\/\/gencosmic.com\/wp-content\/uploads\/2026\/03\/LogoMireia.webp 2384w, https:\/\/gencosmic.com\/wp-content\/uploads\/2026\/03\/LogoMireia-300x125.webp 300w, https:\/\/gencosmic.com\/wp-content\/uploads\/2026\/03\/LogoMireia-1024x426.webp 1024w, https:\/\/gencosmic.com\/wp-content\/uploads\/2026\/03\/LogoMireia-768x320.webp 768w, https:\/\/gencosmic.com\/wp-content\/uploads\/2026\/03\/LogoMireia-1536x639.webp 1536w, https:\/\/gencosmic.com\/wp-content\/uploads\/2026\/03\/LogoMireia-2048x852.webp 2048w\" sizes=\"auto, (max-width: 2384px) 100vw, 2384px\" \/><\/a>\n\n\n\n<a href=\"https:\/\/www.maudesexologue.be\/\" target=\"_blank\" rel=\"noopener\"><img loading=\"lazy\" decoding=\"async\" width=\"596\" height=\"248\" class=\"gb-media-12efa9f1\" alt=\"\" title=\"bnp\" src=\"https:\/\/gencosmic.com\/wp-content\/uploads\/2026\/03\/maude-vanderveken.png\" srcset=\"https:\/\/gencosmic.com\/wp-content\/uploads\/2026\/03\/maude-vanderveken.png 596w, https:\/\/gencosmic.com\/wp-content\/uploads\/2026\/03\/maude-vanderveken-300x125.png 300w\" sizes=\"auto, (max-width: 596px) 100vw, 596px\" \/><\/a>\n\n\n\n<a href=\"https:\/\/www.univ-amu.fr\/fr\/public\/eu3m-faculte-de-maieutique\" target=\"_blank\" rel=\"noopener\"><img loading=\"lazy\" decoding=\"async\" width=\"1667\" height=\"521\" class=\"gb-media-5d9b2a8d\" alt=\"\" title=\"cbre\" src=\"https:\/\/gencosmic.com\/wp-content\/uploads\/2026\/03\/amU.webp\" srcset=\"https:\/\/gencosmic.com\/wp-content\/uploads\/2026\/03\/amU.webp 1667w, https:\/\/gencosmic.com\/wp-content\/uploads\/2026\/03\/amU-300x94.webp 300w, https:\/\/gencosmic.com\/wp-content\/uploads\/2026\/03\/amU-1024x320.webp 1024w, https:\/\/gencosmic.com\/wp-content\/uploads\/2026\/03\/amU-768x240.webp 768w, https:\/\/gencosmic.com\/wp-content\/uploads\/2026\/03\/amU-1536x480.webp 1536w\" sizes=\"auto, (max-width: 1667px) 100vw, 1667px\" \/><\/a>\n\n\n\n<a href=\"https:\/\/lantxotegi.org\/educacion-no-formal\/tawasol-artean-proyecto-sexologico-y-comunitario\/\" target=\"_blank\" rel=\"noopener\"><img loading=\"lazy\" decoding=\"async\" width=\"596\" height=\"248\" class=\"gb-media-1c1745b4\" alt=\"\" title=\"tawasol\" src=\"https:\/\/gencosmic.com\/wp-content\/uploads\/2026\/03\/tawasol-1.png\" srcset=\"https:\/\/gencosmic.com\/wp-content\/uploads\/2026\/03\/tawasol-1.png 596w, https:\/\/gencosmic.com\/wp-content\/uploads\/2026\/03\/tawasol-1-300x125.png 300w\" sizes=\"auto, (max-width: 596px) 100vw, 596px\" \/><\/a>\n\n\n\n<a href=\"https:\/\/www.mancoplana.cat\/\" target=\"_blank\" rel=\"noopener\"><img loading=\"lazy\" decoding=\"async\" width=\"596\" height=\"248\" class=\"gb-media-923e0efb\" alt=\"\" title=\"mancumunitat la plana\" src=\"https:\/\/gencosmic.com\/wp-content\/uploads\/2026\/03\/mancumunitat-la-plana.png\" srcset=\"https:\/\/gencosmic.com\/wp-content\/uploads\/2026\/03\/mancumunitat-la-plana.png 596w, https:\/\/gencosmic.com\/wp-content\/uploads\/2026\/03\/mancumunitat-la-plana-300x125.png 300w\" sizes=\"auto, (max-width: 596px) 100vw, 596px\" \/><\/a>\n\n\n\n<a href=\"https:\/\/www.laferaferotge.cat\/\" target=\"_blank\" rel=\"noopener\"><img loading=\"lazy\" decoding=\"async\" width=\"596\" height=\"248\" class=\"gb-media-e575b4ce\" alt=\"\" title=\"1-LaFeraFerotge_Logotip-fons-negre\" src=\"https:\/\/gencosmic.com\/wp-content\/uploads\/2026\/03\/1-LaFeraFerotge_Logotip-fons-negre.png\" srcset=\"https:\/\/gencosmic.com\/wp-content\/uploads\/2026\/03\/1-LaFeraFerotge_Logotip-fons-negre.png 596w, https:\/\/gencosmic.com\/wp-content\/uploads\/2026\/03\/1-LaFeraFerotge_Logotip-fons-negre-300x125.png 300w\" sizes=\"auto, (max-width: 596px) 100vw, 596px\" \/><\/a>\n\n\n\n<img loading=\"lazy\" decoding=\"async\" width=\"596\" height=\"248\" class=\"gb-media-ea384dc6\" alt=\"\" title=\"tawasol\" src=\"https:\/\/gencosmic.com\/wp-content\/uploads\/2026\/03\/ajuntament-terrassa.png\" srcset=\"https:\/\/gencosmic.com\/wp-content\/uploads\/2026\/03\/ajuntament-terrassa.png 596w, https:\/\/gencosmic.com\/wp-content\/uploads\/2026\/03\/ajuntament-terrassa-300x125.png 300w\" sizes=\"auto, (max-width: 596px) 100vw, 596px\" \/>\n\n\n\n<a href=\"https:\/\/departement13.fr\/\" rel=\"noopener\" target=\"_blank\"><img loading=\"lazy\" decoding=\"async\" width=\"596\" height=\"248\" class=\"gb-media-454409c9\" alt=\"\" title=\"logo-cd13-footer\" src=\"https:\/\/gencosmic.com\/wp-content\/uploads\/2026\/03\/logo-cd13-footer.png\" srcset=\"https:\/\/gencosmic.com\/wp-content\/uploads\/2026\/03\/logo-cd13-footer.png 596w, https:\/\/gencosmic.com\/wp-content\/uploads\/2026\/03\/logo-cd13-footer-300x125.png 300w\" sizes=\"auto, (max-width: 596px) 100vw, 596px\" \/><\/a>\n\n\n\n<a href=\"https:\/\/departement13.fr\/en-actions\/enfance-famille\/devenir-parents\/la-protection-maternelle-et-infantile-pmi\" rel=\"noopener\" target=\"_blank\"><img loading=\"lazy\" decoding=\"async\" width=\"1920\" height=\"2560\" class=\"gb-media-2c41f61f\" alt=\"\" title=\"PMI MARSEILLE\" src=\"https:\/\/gencosmic.com\/wp-content\/uploads\/2026\/03\/PMI-MARSEILLE-scaled.webp\" srcset=\"https:\/\/gencosmic.com\/wp-content\/uploads\/2026\/03\/PMI-MARSEILLE-scaled.webp 1920w, https:\/\/gencosmic.com\/wp-content\/uploads\/2026\/03\/PMI-MARSEILLE-225x300.webp 225w, https:\/\/gencosmic.com\/wp-content\/uploads\/2026\/03\/PMI-MARSEILLE-768x1024.webp 768w, https:\/\/gencosmic.com\/wp-content\/uploads\/2026\/03\/PMI-MARSEILLE-1152x1536.webp 1152w, https:\/\/gencosmic.com\/wp-content\/uploads\/2026\/03\/PMI-MARSEILLE-1536x2048.webp 1536w\" sizes=\"auto, (max-width: 1920px) 100vw, 1920px\" \/><\/a>\n<\/div>\n<\/div>\n\n\n<\/div>\n<\/div>\n<\/div>\n\n<div class=\"gb-element-ac03c92d\">\n<div class=\"gb-element-2f2379bf\">\n<div class=\"gb-element-609836a3\">\n<h2 class=\"gb-text gb-text-6d645444\">Beneficis del Kit Educatiu Gencosmic<\/h2>\n\n\n\n<p class=\"gb-text gb-text-6fe73606\">El Malet\u00ed Pedag\u00f2gic ofereix una forma pr\u00e0ctica, visual i emocionalment segura d&#8217;abordar l&#8217;educaci\u00f3 afectivosexual infantil a l&#8217;aula.<\/p>\n\n\n\n<p class=\"gb-text gb-text-c61af8f9\">A trav\u00e9s de l&#8217;art i l&#8217;observaci\u00f3, les persones aprenen a recon\u00e8ixer, anomenar i respectar les diferents parts del cos hum\u00e0 sense vergonya ni por. Entre els seus principals beneficis hi ha: <\/p>\n<\/div>\n\n\n\n<div class=\"gb-element-418cb55e\">\n<p class=\"gb-text-e2a36cda\"><span class=\"gb-shape\"><\/span><span class=\"gb-text\"><em>Normalitza la diversitat corporal des d&#8217;edats primerenques<\/em><\/span><\/p>\n\n\n\n<p class=\"gb-text-5cf92307\"><span class=\"gb-shape\"><\/span><span class=\"gb-text\"><em>Fomenta la comunicaci\u00f3 oberta a l&#8217;aula i en entorns educatius.<\/em><\/span><\/p>\n\n\n\n<p class=\"gb-text-c4ce30e6\"><span class=\"gb-shape\"><\/span><span class=\"gb-text\"><em>Promou l&#8217;empatia, el respecte i l&#8217;autoacceptaci\u00f3.<\/em><\/span><\/p>\n\n\n\n<p class=\"gb-text-4427db77\"><span class=\"gb-shape\"><\/span><span class=\"gb-text\"><em>Ajuda a construir una relaci\u00f3 m\u00e9s saludable amb el propi cos i amb els cossos dels altres.<\/em><\/span><\/p>\n\n\n\n<p class=\"gb-text-7ea1783f\"><span class=\"gb-shape\"><\/span><span class=\"gb-text\"><em>Proporciona informaci\u00f3 visual clara i adaptada a cada context.<\/em><\/span><\/p>\n\n\n\n<p class=\"gb-text-473d0213\"><span class=\"gb-shape\"><\/span><span class=\"gb-text\"><em>Redueix la por, la vergonya i la desinformaci\u00f3 sobre la sexualitat<\/em><\/span><\/p>\n<\/div>\n<\/div>\n<\/div>\n\n<div class=\"gb-element-ff70987f\" id=\"contacto\">\n<div class=\"gb-element-5712bbe3\">\n<div class=\"gb-element-0b031772\">\n<h2 class=\"gb-text gb-text-acb63678\">Voldries demanar un paquet informatiu o alguna informaci\u00f3 per a la teva escola?<\/h2>\n\n\n\n<p class=\"gb-text gb-text-597764e0\">Si sou docent, professional o representant d&#8217;una instituci\u00f3 educativa, podeu escriure&#8217;ns directament a: gencosmic.contact@gmail.com o utilitzar el formulari de contacte.<\/p>\n\n\n\n<div class=\"gb-element-404c839b\">\n<div class=\"gb-element-86de89cc\">\n\n\n\n<\/div>\n<\/div>\n<\/div>\n<\/div>\n<\/div>\n\n<div class=\"gb-element-21f44bff\">\n<div class=\"gb-element-6cf9eb96\">\n<h2 class=\"gb-text gb-text-13d2820b\">Preguntes freq\u00fcents sobre educaci\u00f3 sexual infantil<\/h2>\n\n\n<div id=\"rank-math-faq\" class=\"rank-math-block\">\n<div class=\"rank-math-list \">\n<div id=\"faq-question-1762268324886\" class=\"rank-math-list-item\">\n<h3 class=\"rank-math-question \">Des de quina edat es recomana l&#8217;educaci\u00f3 sexual infantil?<\/h3>\n<div class=\"rank-math-answer \">\n\n<p>L&#8217;educaci\u00f3 sexual es pot iniciar des dels primers anys, sempre adaptada a l&#8217;etapa evolutiva. A prim\u00e0ria, se centra en el coneixement del propi cos, la gesti\u00f3 de les emocions, el respecte i la diversitat. <\/p>\n\n<\/div>\n<\/div>\n<div id=\"faq-question-1762268340097\" class=\"rank-math-list-item\">\n<h3 class=\"rank-math-question \">Qu\u00e8 inclou el Malet\u00ed Pedag\u00f2gic Gencosmic?<\/h3>\n<div class=\"rank-math-answer \">\n\n<p>Inclou models anat\u00f2mics reals de vulves, penis i canals vaginals, elaborats amb materials segurs, a m\u00e9s de fitxes informatives, guies per a docents i activitats adaptades al nivell educatiu.<\/p>\n\n<\/div>\n<\/div>\n<div id=\"faq-question-1762268340779\" class=\"rank-math-list-item\">\n<h3 class=\"rank-math-question \">Com es fa servir a l&#8217;aula?<\/h3>\n<div class=\"rank-math-answer \">\n\n<p>Es pot fer servir en classes de ci\u00e8ncies naturals, tutories o tallers d&#8217;educaci\u00f3 emocional o sexual. Les activitats es basen en l&#8217;observaci\u00f3, el di\u00e0leg i la reflexi\u00f3 guiada, sempre amb metodologia participativa i respectuosa. <\/p>\n\n<\/div>\n<\/div>\n<div id=\"faq-question-1762268341850\" class=\"rank-math-list-item\">\n<h3 class=\"rank-math-question \">\u00c9s adequat per a tot tipus de centres educatius?<\/h3>\n<div class=\"rank-math-answer \">\n\n<p>S\u00ed. Est\u00e0 dissenyat per integrar-se f\u00e0cilment en qualsevol context escolar, tant p\u00fablic com privat, i pot ser utilitzat per docents amb formaci\u00f3 pr\u00e8via o sense en educaci\u00f3 sexual. <\/p>\n\n<\/div>\n<\/div>\n<div id=\"faq-question-1762268342458\" class=\"rank-math-list-item\">\n<h3 class=\"rank-math-question \">Quins beneficis aporta les nenes i nens?<\/h3>\n<div class=\"rank-math-answer \">\n\n<p>Fomenta l&#8217;empatia, la confian\u00e7a, el respecte i l&#8217;acceptaci\u00f3 del cos. Tamb\u00e9 preveu la desinformaci\u00f3, refor\u00e7a la comunicaci\u00f3 i promou valors digualtat i diversitat. <\/p>\n\n<\/div>\n<\/div>\n<\/div>\n<\/div><\/div>\n<\/div>\n","protected":false},"excerpt":{"rendered":"<p>Educaci\u00f3 sexual per a formaci\u00f3 professional ensenyar des de la pr\u00e0ctica, l&#8217;empatia i l&#8217;art La rellev\u00e0ncia de l&#8217;educaci\u00f3 sexual a la formaci\u00f3 professional L&#8217;educaci\u00f3 sexual per a formaci\u00f3 professional \u00e9s una part essencial en la preparaci\u00f3 dels qui treballaran en \u00e0mbits vinculats amb la salut, l&#8217;educaci\u00f3 o el benestar social. A Gencosmic, entenem que els &#8230; <a title=\"Educaci\u00f3 sexual per a formaci\u00f3 professional\" class=\"read-more\" href=\"https:\/\/gencosmic.com\/ca\/educacio-sexual-per-a-formacio-professional\/\" aria-label=\"M\u00e9s informaci\u00f3 sobre Educaci\u00f3 sexual per a formaci\u00f3 professional\">Read More<\/a><\/p>\n","protected":false},"author":1,"featured_media":9146,"parent":0,"menu_order":0,"comment_status":"closed","ping_status":"closed","template":"","meta":{"footnotes":""},"class_list":["post-9145","page","type-page","status-publish","has-post-thumbnail"],"_links":{"self":[{"href":"https:\/\/gencosmic.com\/ca\/wp-json\/wp\/v2\/pages\/9145","targetHints":{"allow":["GET"]}}],"collection":[{"href":"https:\/\/gencosmic.com\/ca\/wp-json\/wp\/v2\/pages"}],"about":[{"href":"https:\/\/gencosmic.com\/ca\/wp-json\/wp\/v2\/types\/page"}],"author":[{"embeddable":true,"href":"https:\/\/gencosmic.com\/ca\/wp-json\/wp\/v2\/users\/1"}],"replies":[{"embeddable":true,"href":"https:\/\/gencosmic.com\/ca\/wp-json\/wp\/v2\/comments?post=9145"}],"version-history":[{"count":5,"href":"https:\/\/gencosmic.com\/ca\/wp-json\/wp\/v2\/pages\/9145\/revisions"}],"predecessor-version":[{"id":9156,"href":"https:\/\/gencosmic.com\/ca\/wp-json\/wp\/v2\/pages\/9145\/revisions\/9156"}],"wp:featuredmedia":[{"embeddable":true,"href":"https:\/\/gencosmic.com\/ca\/wp-json\/wp\/v2\/media\/9146"}],"wp:attachment":[{"href":"https:\/\/gencosmic.com\/ca\/wp-json\/wp\/v2\/media?parent=9145"}],"curies":[{"name":"wp","href":"https:\/\/api.w.org\/{rel}","templated":true}]}}