{"id":9187,"date":"2025-11-04T19:05:48","date_gmt":"2025-11-04T17:05:48","guid":{"rendered":"https:\/\/gencosmic.com\/projecte\/"},"modified":"2026-04-24T12:04:51","modified_gmt":"2026-04-24T10:04:51","slug":"projecte","status":"publish","type":"page","link":"https:\/\/gencosmic.com\/ca\/projecte\/","title":{"rendered":"Projecte"},"content":{"rendered":"\n<div class=\"gb-element-0a25be2f\">\n<div class=\"gb-element-c0e7c99c\">\n<p class=\"gb-text gb-text-321e9987\"><strong>Gencosmic<\/strong><\/p>\n\n\n\n<div class=\"gb-element-dcd2368a\"><\/div>\n\n\n\n<h1 class=\"gb-text gb-text-7a3c55d9\">Un pont entre art, cos i sexualitat<\/h1>\n<\/div>\n<\/div>\n\n<div class=\"gb-element-ac03c92d\">\n<div class=\"gb-element-2f2379bf\">\n<div class=\"gb-element-609836a3\">\n<h2 class=\"gb-text gb-text-6d645444\">Connectant creativitat, consci\u00e8ncia, cos i sexualitat<\/h2>\n\n\n\n<p class=\"gb-text gb-text-6fe73606\">Gencosmic \u00e9s un projecte d&#8217;art corporal i educaci\u00f3 sexual que utilitza l&#8217;escultura de cossos reals com a eina de consci\u00e8ncia, aprenentatge i transformaci\u00f3 social. <\/p>\n<\/div>\n\n\n\n<div class=\"gb-element-418cb55e\">\n<p class=\"gb-text gb-text-e2a36cda\"><em>Neix de la trobada entre cos i sexualitat, entenent el cos no com un objecte per corregir, sin\u00f3 com un llenguatge viu que expressa identitat, hist\u00f2ria, emoci\u00f3 i diversitat.<\/em><\/p>\n<\/div>\n<\/div>\n<\/div>\n\n<div class=\"gb-element-cca821d6\">\n<div class=\"gb-element-3cb5a254\">\n<h2 class=\"gb-text gb-text-39605df1\">El poder transformador de l&#8217;art corporal<\/h2>\n\n\n\n<p class=\"gb-text gb-text-25ad05ae\">L&#8217;art corporal t\u00e9 la capacitat de fer visible all\u00f2 que durant segles ha estat ocultat, estigmatitzat o normativitzat.<\/p>\n\n\n\n<p class=\"gb-text gb-text-d233352a\">A Gencosmic treballem amb cossos reals per:<\/p>\n\n\n\n<div class=\"gb-element-467484b0\">\n<div class=\"gb-element-82c1b444\">\n<p class=\"gb-text-63f3cab4\"><span class=\"gb-shape\"><\/span><\/p>\n\n\n\n<p class=\"gb-text gb-text-134132a8\">Visibilitzar la diversitat genital i corporal<\/p>\n<\/div>\n\n\n\n<div class=\"gb-element-87702e62\">\n<p class=\"gb-text-dbdf0d9a\"><span class=\"gb-shape\">\n    \n      \n    \n  \n    \n      \n        \n      \n    \n    \n      \n    \n    \n      \n    \n    \n      \n    \n    \n      \n    \n    \n      \n    \n    \n      \n    \n  <\/span><\/p>\n\n\n\n<p class=\"gb-text gb-text-5492422c\">Q\u00fcestionar els models est\u00e8tics impostos<\/p>\n<\/div>\n\n\n\n<div class=\"gb-element-055f3b1a\">\n<p class=\"gb-text-95c55637\"><span class=\"gb-shape\"><\/span><\/p>\n\n\n\n<p class=\"gb-text gb-text-f1c62a4c\">Generar empatia i reconeixement<\/p>\n<\/div>\n\n\n\n<div class=\"gb-element-7bf4a8e3\">\n<p class=\"gb-text-80d2001c\"><span class=\"gb-shape\"><\/span><\/p>\n\n\n\n<p class=\"gb-text gb-text-2e709567\">Acompa\u00f1ar procesos personales y colectivos de autoconocimiento<\/p>\n<\/div>\n<\/div>\n\n\n\n<p class=\"gb-text gb-text-b206d899\">Art, cos i sexualitat es converteixen aix\u00ed en una eina pedag\u00f2gica, emocional i pol\u00edtica, capa\u00e7 de transformar la manera com ens mirem i ens relacionem amb el cos.<\/p>\n<\/div>\n<\/div>\n\n<div class=\"gb-element-5e40751e\">\n<div class=\"gb-element-88b528a8\">\n<div class=\"gb-element-7cdb251d\"><\/div>\n\n\n\n<div class=\"gb-element-532a8f35\">\n\n\n<h2 class=\"gb-text gb-text-b902fb2b\">Educaci\u00f3 sexual inclusiva a trav\u00e9s de l&#8217;art<\/h2>\n\n\n\n<p class=\"gb-text gb-text-0c35e11b\">A Gencosmic desenvolupem recursos educatius i art\u00edstics adre\u00e7ats a institucions, docents i professionals que busquen abordar l&#8217;educaci\u00f3 sexual des d&#8217;una perspectiva:<\/p>\n\n\n\n<div class=\"gb-element-009b4059\">\n<p class=\"gb-text-992b986b\"><span class=\"gb-shape\"><\/span><span class=\"gb-text\">Real i \u00edntegra<\/span><\/p>\n\n\n\n<p class=\"gb-text-cc4aa5fc\"><span class=\"gb-shape\"><\/span><span class=\"gb-text\">Inclusiva amb totes les realitats<\/span><\/p>\n\n\n\n<p class=\"gb-text-faaa5a54\"><span class=\"gb-shape\"><\/span><span class=\"gb-text\">\u00c8tica i responsable<\/span><\/p>\n\n\n\n<p class=\"gb-text-177991d8\"><span class=\"gb-shape\"><\/span><span class=\"gb-text\">Lliure de prejudicis<\/span><\/p>\n<\/div>\n\n\n\n<a class=\"gb-text gb-text-b0b9d2e5\" href=\"https:\/\/gencosmic.com\/ca\/educacio\/\">M\u00e9s informaci\u00f3<\/a>\n<\/div>\n<\/div>\n<\/div>\n\n<div class=\"gb-element-8c708e48\">\n<div class=\"gb-element-bb318c49\">\n<div class=\"gb-element-ff3e1c07\">\n<h2 class=\"gb-text gb-text-04534b4f\">Art, cos i sexualitat<\/h2>\n\n\n\n<p class=\"gb-text gb-text-239d377e\">Gencosmic no nom\u00e9s t\u00e9 una dimensi\u00f3 educativa i col\u00b7lectiva. Tamb\u00e9 acompanya processos \u00edntims de reconciliaci\u00f3 amb el cos. <\/p>\n\n\n\n<p class=\"gb-text gb-text-7c429cfb\">Les creacions personalitzades permeten a cada persona:<\/p>\n\n\n\n<div class=\"gb-element-f7e5f2ae\">\n<p class=\"gb-text-9ba09bb5\"><span class=\"gb-shape\"><\/span><span class=\"gb-text\">Mirar-se sense judici<\/span><\/p>\n\n\n\n<p class=\"gb-text-1f0df6de\"><span class=\"gb-shape\"><\/span><span class=\"gb-text\">Recon\u00e8ixer-ne la singularitat<\/span><\/p>\n\n\n\n<p class=\"gb-text-91bb4c18\"><span class=\"gb-shape\"><\/span><span class=\"gb-text\">Materialitzar el seu cos com a mem\u00f2ria i pres\u00e8ncia<\/span><\/p>\n<\/div>\n\n\n\n<a class=\"gb-text gb-text-5f1e514f\" href=\"https:\/\/gencosmic.com\/ca\/creacions-personalitzades\/\">M\u00e9s informaci\u00f3<\/a>\n<\/div>\n\n\n\n<div class=\"gb-element-d0d03da6\"><\/div>\n<\/div>\n<\/div>\n\n<div class=\"gb-element-2562526c\">\n<div class=\"gb-element-a0a038c6\">\n<div class=\"gb-element-46ed245b\"><\/div>\n\n\n\n<div class=\"gb-element-6feac52a\">\n<h2 class=\"gb-text gb-text-2d25ea0b\">Exposicions i tallers<\/h2>\n\n\n\n<p class=\"gb-text gb-text-81e80eba\">Gencosmic habita espais culturals, educatius i comunitaris mitjan\u00e7ant exposicions i tallers grupals.<\/p>\n\n\n\n<p class=\"gb-text gb-text-c659ea59\">Les exposicions presenten escultures de cossos reals acompanyades de testimonis, textos i recursos visuals que conviden a reflexionar sobre la diversitat i experi\u00e8ncia humana.<\/p>\n\n\n\n<p class=\"gb-text gb-text-1969f32f\">Els tallers s\u00f3n experi\u00e8ncies vivencials on el cos, la creativitat i la consci\u00e8ncia es troben des del respecte i la cura.<\/p>\n\n\n\n<div class=\"gb-element-3c506494\">\n<p class=\"gb-text-4c96a963\"><span class=\"gb-shape\"><\/span><span class=\"gb-text\">Espais privats<\/span><\/p>\n\n\n\n<p class=\"gb-text-4e8df61f\"><span class=\"gb-shape\"><\/span><span class=\"gb-text\">Associacions culturals<\/span><\/p>\n\n\n\n<p class=\"gb-text-606b445e\"><span class=\"gb-shape\"><\/span><span class=\"gb-text\">Centres de salut<\/span><\/p>\n\n\n\n<p class=\"gb-text-e8db2e48\"><span class=\"gb-shape\"><\/span><span class=\"gb-text\">Espais d&#8217;art<\/span><\/p>\n<\/div>\n\n\n\n<div class=\"gb-element-00b08ec4\">\n<a class=\"gb-text gb-text-c2089134\" href=\"https:\/\/gencosmic.com\/ca\/tallers\/\">Tallers<\/a>\n\n\n\n<a class=\"gb-text gb-text-7fb023e9 btn-secondary\" href=\"https:\/\/gencosmic.com\/ca\/exposicions\/\">Exposicions<\/a>\n<\/div>\n<\/div>\n<\/div>\n<\/div>\n\n<div class=\"gb-element-bacea523\">\n<div class=\"gb-element-a877ba69\">\n<h2 class=\"gb-text gb-text-3294152d\">Qui som<\/h2>\n\n\n\n<div class=\"gb-element-c50c810b\">\n<div class=\"gb-element-0f21b023\">\n<img loading=\"lazy\" decoding=\"async\" width=\"1920\" height=\"2560\" class=\"gb-media-eed85917\" alt=\"\" src=\"https:\/\/gencosmic.com\/wp-content\/uploads\/2026\/03\/ONA-scaled.webp\" title=\"ONA\" srcset=\"https:\/\/gencosmic.com\/wp-content\/uploads\/2026\/03\/ONA-scaled.webp 1920w, https:\/\/gencosmic.com\/wp-content\/uploads\/2026\/03\/ONA-225x300.webp 225w, https:\/\/gencosmic.com\/wp-content\/uploads\/2026\/03\/ONA-768x1024.webp 768w, https:\/\/gencosmic.com\/wp-content\/uploads\/2026\/03\/ONA-1152x1536.webp 1152w, https:\/\/gencosmic.com\/wp-content\/uploads\/2026\/03\/ONA-1536x2048.webp 1536w\" sizes=\"auto, (max-width: 1920px) 100vw, 1920px\" \/>\n\n\n\n<p class=\"gb-text gb-text-eec21222\"><strong>Ona<\/strong> Ortiz<\/p>\n\n\n\n<p class=\"gb-text gb-text-9c9ee4c8\">Impulsora del projecte amb la hist\u00f2ria personal de mutilaci\u00f3 genital a la inf\u00e0ncia, el porta a generar aquest moviment de canvi per aportar valor a la societat i canviar les seves expectatives. Encarregada de l&#8217;impacte a Catalunya i Espanya, treballa des de l&#8217;art corporal i la mediaci\u00f3 educativa, creant espais on el cos es reconeix com a font de coneixement i de transformaci\u00f3. <\/p>\n<\/div>\n\n\n\n<div class=\"gb-element-984394da\">\n<img loading=\"lazy\" decoding=\"async\" width=\"420\" height=\"420\" class=\"gb-media-78882360\" alt=\"\" src=\"https:\/\/gencosmic.com\/wp-content\/uploads\/2025\/11\/Etienne.png\" title=\"Etienne\" srcset=\"https:\/\/gencosmic.com\/wp-content\/uploads\/2025\/11\/Etienne.png 420w, https:\/\/gencosmic.com\/wp-content\/uploads\/2025\/11\/Etienne-300x300.png 300w, https:\/\/gencosmic.com\/wp-content\/uploads\/2025\/11\/Etienne-150x150.png 150w\" sizes=\"auto, (max-width: 420px) 100vw, 420px\" \/>\n\n\n\n<p class=\"gb-text gb-text-2c0c677b\"><strong><strong>Etienne<\/strong><\/strong> Roullon<\/p>\n\n\n\n<p class=\"gb-text gb-text-bf23efc2\">Educador social amb seu a la regi\u00f3 de Dr\u00f4me (Fran\u00e7a), aporta la seva traject\u00f2ria en escultura i art contemporani, integrant la consci\u00e8ncia corporal i una mirada art\u00edstica inclusiva, sensible i emp\u00e0tica.<\/p>\n<\/div>\n<\/div>\n<\/div>\n<\/div>\n\n<div class=\"gb-element-db77960f\">\n<div class=\"gb-element-5e81171f\">\n<div class=\"gb-element-56ebdce3\">\n<h2 class=\"gb-text gb-text-a0c79d5a\">Pres\u00e8ncia i traject\u00f2ria<\/h2>\n\n\n\n<p class=\"gb-text gb-text-254eb18f\">Gencosmic ha estat present a espais culturals, educatius i esdeveniments especialitzats, col\u00b7laborant amb institucions compromeses amb l&#8217;educaci\u00f3 i la diversitat corporal.<\/p>\n\n\n\n<div class=\"gb-element-7c7d9649\">\n<div class=\"gb-element-ac21de41\">\n<a href=\"https:\/\/hospiolot.com\/\" target=\"_blank\" rel=\"noopener\"><img loading=\"lazy\" decoding=\"async\" width=\"1667\" height=\"521\" class=\"gb-media-41d575ad\" src=\"https:\/\/gencosmic.com\/wp-content\/uploads\/2026\/03\/HOSPITAL-OLOT.webp\" title=\"HOSPITAL OLOT\" alt=\"\" srcset=\"https:\/\/gencosmic.com\/wp-content\/uploads\/2026\/03\/HOSPITAL-OLOT.webp 1667w, https:\/\/gencosmic.com\/wp-content\/uploads\/2026\/03\/HOSPITAL-OLOT-300x94.webp 300w, https:\/\/gencosmic.com\/wp-content\/uploads\/2026\/03\/HOSPITAL-OLOT-1024x320.webp 1024w, https:\/\/gencosmic.com\/wp-content\/uploads\/2026\/03\/HOSPITAL-OLOT-768x240.webp 768w, https:\/\/gencosmic.com\/wp-content\/uploads\/2026\/03\/HOSPITAL-OLOT-1536x480.webp 1536w\" sizes=\"auto, (max-width: 1667px) 100vw, 1667px\" \/><\/a>\n\n\n<\/div>\n\n\n\n<div class=\"gb-element-e388c90b\">\n<img loading=\"lazy\" decoding=\"async\" width=\"1667\" height=\"521\" class=\"gb-media-c6ffbede\" src=\"https:\/\/gencosmic.com\/wp-content\/uploads\/2026\/03\/colabora-associacio-bioritme-logo.webp\" title=\"colabora-associacio-bioritme-logo\" alt=\"\" srcset=\"https:\/\/gencosmic.com\/wp-content\/uploads\/2026\/03\/colabora-associacio-bioritme-logo.webp 1667w, https:\/\/gencosmic.com\/wp-content\/uploads\/2026\/03\/colabora-associacio-bioritme-logo-300x94.webp 300w, https:\/\/gencosmic.com\/wp-content\/uploads\/2026\/03\/colabora-associacio-bioritme-logo-1024x320.webp 1024w, https:\/\/gencosmic.com\/wp-content\/uploads\/2026\/03\/colabora-associacio-bioritme-logo-768x240.webp 768w, https:\/\/gencosmic.com\/wp-content\/uploads\/2026\/03\/colabora-associacio-bioritme-logo-1536x480.webp 1536w\" sizes=\"auto, (max-width: 1667px) 100vw, 1667px\" \/>\n\n\n<\/div>\n\n\n\n<div class=\"gb-element-ba86a634\">\n<img loading=\"lazy\" decoding=\"async\" width=\"1667\" height=\"521\" class=\"gb-media-81637e31\" src=\"https:\/\/gencosmic.com\/wp-content\/uploads\/2026\/03\/FOC.webp\" title=\"FOC\" alt=\"\" srcset=\"https:\/\/gencosmic.com\/wp-content\/uploads\/2026\/03\/FOC.webp 1667w, https:\/\/gencosmic.com\/wp-content\/uploads\/2026\/03\/FOC-300x94.webp 300w, https:\/\/gencosmic.com\/wp-content\/uploads\/2026\/03\/FOC-1024x320.webp 1024w, https:\/\/gencosmic.com\/wp-content\/uploads\/2026\/03\/FOC-768x240.webp 768w, https:\/\/gencosmic.com\/wp-content\/uploads\/2026\/03\/FOC-1536x480.webp 1536w\" sizes=\"auto, (max-width: 1667px) 100vw, 1667px\" \/>\n\n\n<\/div>\n\n\n\n<div class=\"gb-element-f68b4614\">\n<img loading=\"lazy\" decoding=\"async\" width=\"1667\" height=\"521\" class=\"gb-media-504aa5a2\" src=\"https:\/\/gencosmic.com\/wp-content\/uploads\/2026\/03\/amU.webp\" title=\"amU\" alt=\"\" srcset=\"https:\/\/gencosmic.com\/wp-content\/uploads\/2026\/03\/amU.webp 1667w, https:\/\/gencosmic.com\/wp-content\/uploads\/2026\/03\/amU-300x94.webp 300w, https:\/\/gencosmic.com\/wp-content\/uploads\/2026\/03\/amU-1024x320.webp 1024w, https:\/\/gencosmic.com\/wp-content\/uploads\/2026\/03\/amU-768x240.webp 768w, https:\/\/gencosmic.com\/wp-content\/uploads\/2026\/03\/amU-1536x480.webp 1536w\" sizes=\"auto, (max-width: 1667px) 100vw, 1667px\" \/>\n\n\n<\/div>\n\n\n\n\n<\/div>\n<\/div>\n<\/div>\n<\/div>\n\n<div class=\"gb-element-a660468c\" id=\"contacto\">\n<div class=\"gb-element-a565e341\">\n<div class=\"gb-element-0b031772\">\n<h2 class=\"gb-text gb-text-acb63678\">Vull col\u00b7laborar amb GENCOSMIC<\/h2>\n\n\n\n<p class=\"gb-text gb-text-597764e0\">Busquem espais, entitats i persones alineades amb art, educaci\u00f3 i respecte corporal.<\/p>\n\n\n\n<div class=\"gb-element-404c839b\">\n<div class=\"gb-element-86de89cc\">\n\n\n\n<\/div>\n<\/div>\n<\/div>\n<\/div>\n<\/div>\n\n<div class=\"gb-element-21f44bff\">\n<div class=\"gb-element-6cf9eb96\">\n<div class=\"gb-element-c38025f7\">\n<h2 class=\"gb-text gb-text-13d2820b\">Preguntes freq\u00fcents sobre Gencosmic<\/h2>\n\n\n<div id=\"rank-math-faq\" class=\"rank-math-block\">\n<div class=\"rank-math-list \">\n<div id=\"faq-question-1762268324886\" class=\"rank-math-list-item\">\n<h3 class=\"rank-math-question \">Qu\u00e8 vol dir unir art i sexualitat en un projecte educatiu?<\/h3>\n<div class=\"rank-math-answer \">\n\n<p>Significa fer servir l&#8217;art com a llenguatge per parlar de sexualitat des d&#8217;una perspectiva inclusiva, sensible i real. A trav\u00e9s de les nostres obres i recursos, creem espais que conviden a comprendre la diversitat corporal sense prejudicis i respecte. <\/p>\n\n<\/div>\n<\/div>\n<div id=\"faq-question-1762268340097\" class=\"rank-math-list-item\">\n<h3 class=\"rank-math-question \">Per qu\u00e8 \u00e9s important representar cossos reals?<\/h3>\n<div class=\"rank-math-answer \">\n\n<p>Perqu\u00e8 els cossos reals generen identificaci\u00f3, empatia i aprenentatge. Els nostres motlles no idealitzen: mostren la diversitat aut\u00e8ntica de l&#8217;\u00e9sser hum\u00e0, ajudant a fer caure estereotips i promovent una educaci\u00f3 m\u00e9s humana i inclusiva. <\/p>\n\n<\/div>\n<\/div>\n<div id=\"faq-question-1762268340779\" class=\"rank-math-list-item\">\n<h3 class=\"rank-math-question \">Quines activitats ofereix Gencosmic?<\/h3>\n<div class=\"rank-math-answer \">\n\n<p>Oferim exposicions, tallers, sessions personalitzades i materials pedag\u00f2gics per a institucions i particulars. Totes les nostres propostes combinen art, educaci\u00f3 i consci\u00e8ncia corporal. <\/p>\n\n<\/div>\n<\/div>\n<div id=\"faq-question-1762268341850\" class=\"rank-math-list-item\">\n<h3 class=\"rank-math-question \">Com es garanteix l&#8217;\u00e8tica i confidencialitat en el proc\u00e9s?<\/h3>\n<div class=\"rank-math-answer \">\n\n<p>Cada experi\u00e8ncia es basa en el consentiment informat i l&#8217;acompanyament respectu\u00f3s. Tot el proc\u00e9s es fa en un entorn privat, segur i amb atenci\u00f3 a la integritat f\u00edsica i emocional de cada persona. <\/p>\n\n<\/div>\n<\/div>\n<div id=\"faq-question-1762268342458\" class=\"rank-math-list-item\">\n<h3 class=\"rank-math-question \">On puc con\u00e8ixer m\u00e9s sobre el projecte?<\/h3>\n<div class=\"rank-math-answer \">\n\n<p>Pots visitar les nostres exposicions itinerants, participar a un taller o contactar amb el nostre equip per rebre m\u00e9s informaci\u00f3. Tamb\u00e9 disposem de materials educatius per a institucions interessades. <\/p>\n\n<\/div>\n<\/div>\n<\/div>\n<\/div><\/div>\n<\/div>\n<\/div>\n","protected":false},"excerpt":{"rendered":"<p>Gencosmic Un pont entre art, cos i sexualitat Connectant creativitat, consci\u00e8ncia, cos i sexualitat Gencosmic \u00e9s un projecte d&#8217;art corporal i educaci\u00f3 sexual que utilitza l&#8217;escultura de cossos reals com a eina de consci\u00e8ncia, aprenentatge i transformaci\u00f3 social. Neix de la trobada entre cos i sexualitat, entenent el cos no com un objecte per corregir, &#8230; <a title=\"Projecte\" class=\"read-more\" href=\"https:\/\/gencosmic.com\/ca\/projecte\/\" aria-label=\"M\u00e9s informaci\u00f3 sobre Projecte\">Read More<\/a><\/p>\n","protected":false},"author":1,"featured_media":9151,"parent":0,"menu_order":0,"comment_status":"closed","ping_status":"closed","template":"","meta":{"footnotes":""},"class_list":["post-9187","page","type-page","status-publish","has-post-thumbnail"],"_links":{"self":[{"href":"https:\/\/gencosmic.com\/ca\/wp-json\/wp\/v2\/pages\/9187","targetHints":{"allow":["GET"]}}],"collection":[{"href":"https:\/\/gencosmic.com\/ca\/wp-json\/wp\/v2\/pages"}],"about":[{"href":"https:\/\/gencosmic.com\/ca\/wp-json\/wp\/v2\/types\/page"}],"author":[{"embeddable":true,"href":"https:\/\/gencosmic.com\/ca\/wp-json\/wp\/v2\/users\/1"}],"replies":[{"embeddable":true,"href":"https:\/\/gencosmic.com\/ca\/wp-json\/wp\/v2\/comments?post=9187"}],"version-history":[{"count":3,"href":"https:\/\/gencosmic.com\/ca\/wp-json\/wp\/v2\/pages\/9187\/revisions"}],"predecessor-version":[{"id":9220,"href":"https:\/\/gencosmic.com\/ca\/wp-json\/wp\/v2\/pages\/9187\/revisions\/9220"}],"wp:featuredmedia":[{"embeddable":true,"href":"https:\/\/gencosmic.com\/ca\/wp-json\/wp\/v2\/media\/9151"}],"wp:attachment":[{"href":"https:\/\/gencosmic.com\/ca\/wp-json\/wp\/v2\/media?parent=9187"}],"curies":[{"name":"wp","href":"https:\/\/api.w.org\/{rel}","templated":true}]}}