{"id":8832,"date":"2025-11-05T14:15:40","date_gmt":"2025-11-05T12:15:40","guid":{"rendered":"https:\/\/gencosmic.com\/contact\/"},"modified":"2026-04-08T10:46:12","modified_gmt":"2026-04-08T08:46:12","slug":"contact","status":"publish","type":"page","link":"https:\/\/gencosmic.com\/fr\/contact\/","title":{"rendered":"Contact"},"content":{"rendered":"\n<div class=\"gb-element-0a25be2f\">\n<div class=\"gb-element-c0e7c99c\">\n<p class=\"gb-text gb-text-321e9987\"><strong>Gencosmic<\/strong><\/p>\n\n\n\n<div class=\"gb-element-dcd2368a\"><\/div>\n\n\n\n<h1 class=\"gb-text gb-text-7a3c55d9\">CONTACT<\/h1>\n<\/div>\n<\/div>\n\n<div class=\"gb-element-c40a15bb\">\n<div class=\"gb-element-7d4ea21a\">\n<div class=\"gb-element-1194a987\">\n<h2 class=\"gb-text gb-text-0b520175\">Contactez notre \u00e9quipe<\/h2>\n\n\n\n<p class=\"gb-text gb-text-6dcc606d\">Nous serons ravis de vous accueillir et de vous aider \u00e0 cr\u00e9er une exp\u00e9rience artistique et \u00e9ducative adapt\u00e9e \u00e0 vos besoins.<\/p>\n\n\n\n<p class=\"gb-text gb-text-8640810a\">Vous pouvez remplir le formulaire de contact pour recevoir une r\u00e9ponse personnalis\u00e9e.<\/p>\n\n\n\n<p class=\"gb-text-ef881d3b\"><span class=\"gb-text\"><strong>CONTACTEZ-NOUS<\/strong><\/span><span class=\"gb-shape\"><svg xmlns=\"http:\/\/www.w3.org\/2000\/svg\" aria-hidden=\"true\" role=\"img\" height=\"1em\" width=\"1em\" viewbox=\"0 0 448 512\"><path fill=\"currentColor\" d=\"M207.029 381.476L12.686 187.132c-9.373-9.373-9.373-24.569 0-33.941l22.667-22.667c9.357-9.357 24.522-9.375 33.901-.04L224 284.505l154.745-154.021c9.379-9.335 24.544-9.317 33.901.04l22.667 22.667c9.373 9.373 9.373 24.569 0 33.941L240.971 381.476c-9.373 9.372-24.569 9.372-33.942 0z\"><\/path><\/svg><\/span><\/p>\n\n\n\n<div class=\"gb-element-404c839b\">\n<div class=\"gb-element-0d8a507d\">\n<h3 class=\"gb-text gb-text-af3ddd55\">Parlons-en<\/h3>\n\n\n\n<div class=\"gb-element-9448dc3b\">\n<p class=\"gb-text-ed08dc50\"><span class=\"gb-shape\"><svg xmlns=\"http:\/\/www.w3.org\/2000\/svg\" xmlns:xlink=\"http:\/\/www.w3.org\/1999\/xlink\" xmlns:svgjs=\"http:\/\/svgjs.dev\/svgjs\" version=\"1.1\" id=\"Capa_1\" x=\"0px\" y=\"0px\" viewbox=\"0 0 512 512\" style=\"enable-background:new 0 0 512 512;\" xml:space=\"preserve\" width=\"300\" height=\"300\"><g width=\"100%\" height=\"100%\" transform=\"matrix(1,0,0,1,0,0)\"><g>\n\t<path style=\"stroke-linecap: round; stroke-linejoin: round; stroke-miterlimit: 10;\" d=\"\n\t\tM85,187l-55.355,55.355C20.268,251.732,15,264.45,15,277.71V467c0,16.569,13.431,30,30,30h422c16.569,0,30-13.431,30-30V277.71\n\t\tc0-13.26-5.268-25.978-14.645-35.355L427,187\" fill=\"none\" fill-opacity=\"1\" stroke=\"#ffffff\" stroke-opacity=\"1\" data-original-stroke-color=\"#000000ff\" stroke-width=\"30\" data-original-stroke-width=\"30\"><\/path>\n\t\n\t\t<polyline style=\"stroke-linecap: round; stroke-linejoin: round; stroke-miterlimit: 10;\" points=\"\n\t\t85,294.916 85,15 427,15 427,294.916 \t\" fill=\"none\" fill-opacity=\"1\" stroke=\"#ffffff\" stroke-opacity=\"1\" data-original-stroke-color=\"#000000ff\" stroke-width=\"30\" data-original-stroke-width=\"30\"><\/polyline>\n\t<path style=\"stroke-linecap: round; stroke-linejoin: round; stroke-miterlimit: 10;\" d=\"\n\t\tM294.143,185.494c0,32.4-19.884,56.663-43.69,56.663c-23.806,0-44.859-23.926-44.859-56.327c0-32.4,22.222-53.988,46.029-53.988\n\t\tC275.429,131.843,294.143,153.094,294.143,185.494z\" fill=\"none\" fill-opacity=\"1\" stroke=\"#ffffff\" stroke-opacity=\"1\" data-original-stroke-color=\"#000000ff\" stroke-width=\"30\" data-original-stroke-width=\"30\"><\/path>\n\t<path style=\"stroke-linecap: round; stroke-linejoin: round; stroke-miterlimit: 10;\" d=\"\n\t\tM253.704,297c-47.35-1.309-90.525-33.357-103.345-82.103c-14.797-56.263,17.566-115.028,73.002-132.674\n\t\tc58.632-18.664,120.986,14.321,138.701,73.017c6.268,23.486,2.61,43.918-5.697,64.804c-3.294,8.282-14.156,27.669-38.319,27.669\n\t\tc-13.191,0-24.188-12.643-24.116-27.203l0.477-86.492\" fill=\"none\" fill-opacity=\"1\" stroke=\"#ffffff\" stroke-opacity=\"1\" data-original-stroke-color=\"#000000ff\" stroke-width=\"30\" data-original-stroke-width=\"30\"><\/path>\n\t\n\t\t<polyline style=\"stroke-linecap: round; stroke-linejoin: round; stroke-miterlimit: 10;\" points=\"\n\t\t493.353,258.975 256,387 18.647,258.975 \t\" fill=\"none\" fill-opacity=\"1\" stroke=\"#ffffff\" stroke-opacity=\"1\" data-original-stroke-color=\"#000000ff\" stroke-width=\"30\" data-original-stroke-width=\"30\"><\/polyline>\n<\/g><g>\n<\/g><g>\n<\/g><g>\n<\/g><g>\n<\/g><g>\n<\/g><g>\n<\/g><g>\n<\/g><g>\n<\/g><g>\n<\/g><g>\n<\/g><g>\n<\/g><g>\n<\/g><g>\n<\/g><g>\n<\/g><g>\n<\/g><\/g><\/svg><\/span><\/p>\n\n\n\n<p class=\"gb-text gb-text-2b6f80c9\">Email<br><strong>gencosmic.contact@gmail.com<\/strong><\/p>\n<\/div>\n\n\n\n<div class=\"gb-element-bb2f2e21\">\n<p class=\"gb-text-34f16869\"><span class=\"gb-shape\"><svg xmlns=\"http:\/\/www.w3.org\/2000\/svg\" xmlns:svg=\"http:\/\/www.w3.org\/2000\/svg\" xmlns:xlink=\"http:\/\/www.w3.org\/1999\/xlink\" xmlns:svgjs=\"http:\/\/svgjs.dev\/svgjs\" version=\"1.1\" id=\"svg489\" xml:space=\"preserve\" width=\"300\" height=\"300\" viewbox=\"0 0 682.66669 682.66669\"><g width=\"100%\" height=\"100%\" transform=\"matrix(1,0,0,1,0,0)\"><defs id=\"defs493\"><clippath clippathunits=\"userSpaceOnUse\" id=\"clipPath503\"><path d=\"M 0,512 H 512 V 0 H 0 Z\" id=\"path501\" fill=\"#ffffff\" fill-opacity=\"1\" data-original-color=\"#000000ff\" stroke=\"none\" stroke-opacity=\"1\"><\/path><\/clippath><\/defs><g id=\"g495\" transform=\"matrix(1.3333333,0,0,-1.3333333,0,682.66667)\"><g id=\"g497\"><g id=\"g499\" clip-path=\"url(#clipPath503)\"><g id=\"g505\" transform=\"translate(410.5342,292.2422)\"><path d=\"m 0,0 c 3.498,13.144 5.466,26.451 5.466,39.758 0,88.365 -71.635,160 -160,160 -88.365,0 -160,-71.635 -160,-160 0,-88.971 87.954,-177.942 133.439,-218.005 15.266,-13.446 37.856,-13.446 53.121,0 C -89.291,-144.177 -19.895,-74.734 0,0 Z\" style=\"stroke-linecap: round; stroke-linejoin: round; stroke-miterlimit: 10; stroke-dasharray: none;\" id=\"path507\" fill=\"none\" fill-opacity=\"1\" stroke=\"#ffffff\" stroke-opacity=\"1\" data-original-stroke-color=\"#000000ff\" stroke-width=\"40\" data-original-stroke-width=\"40\"><\/path><\/g><g id=\"g509\" transform=\"translate(296,332)\"><path d=\"m 0,0 c 0,-22.091 -17.908,-40 -40,-40 -22.092,0 -40,17.909 -40,40 0,22.091 17.908,40 40,40 C -17.908,40 0,22.091 0,0 Z\" style=\"stroke-linecap: round; stroke-linejoin: round; stroke-miterlimit: 10; stroke-dasharray: none;\" id=\"path511\" fill=\"none\" fill-opacity=\"1\" stroke=\"#ffffff\" stroke-opacity=\"1\" data-original-stroke-color=\"#000000ff\" stroke-width=\"40\" data-original-stroke-width=\"40\"><\/path><\/g><g id=\"g513\" transform=\"translate(94.7676,146.9968)\"><path d=\"m 0,0 -34.565,-69.132 c -2.689,-5.377 -4.203,-11.444 -4.203,-17.865 0,-22.091 17.909,-40 40,-40 h 320 c 22.092,0 40,17.909 40,40 0,6.421 -1.513,12.488 -4.201,17.865 L 322.396,0.139\" style=\"stroke-linecap: round; stroke-linejoin: round; stroke-miterlimit: 10; stroke-dasharray: none;\" id=\"path515\" fill=\"none\" fill-opacity=\"1\" stroke=\"#ffffff\" stroke-opacity=\"1\" data-original-stroke-color=\"#000000ff\" stroke-width=\"40\" data-original-stroke-width=\"40\"><\/path><\/g><\/g><\/g><\/g><\/g><\/svg><\/span><\/p>\n\n\n\n<p class=\"gb-text gb-text-768a8ccf\">Lieu<br><strong>Barcelona &amp; Dr\u00f4me<\/strong><\/p>\n<\/div>\n<\/div>\n\n\n\n<div class=\"gb-element-86de89cc\">\n<iframe src=\"https:\/\/updates.ecoseo.net\/widget\/form\/mLokTZeaXuxNCP4DCG6B\" style=\"width:100%;height:100%;border:none;border-radius:3px\" id=\"inline-mLokTZeaXuxNCP4DCG6B\" data-layout=\"{'id':'INLINE'}\" data-trigger-type=\"alwaysShow\" data-trigger-value=\"\" data-activation-type=\"alwaysActivated\" data-activation-value=\"\" data-deactivation-type=\"neverDeactivate\" data-deactivation-value=\"\" data-form-name=\"Formulario Web Contacto\" data-height=\"525\" data-layout-iframe-id=\"inline-mLokTZeaXuxNCP4DCG6B\" data-form-id=\"mLokTZeaXuxNCP4DCG6B\" title=\"Formulaire de contact en ligne\">\n<\/iframe>\n<script src=\"https:\/\/updates.ecoseo.net\/js\/form_embed.js\"><\/script>\n<\/div>\n<\/div>\n<\/div>\n<\/div>\n<\/div>\n\n<div class=\"gb-element-5e40751e\">\n<div class=\"gb-element-88b528a8\">\n<div class=\"gb-element-7cdb251d\"><\/div>\n\n\n\n<div class=\"gb-element-532a8f35\">\n\n\n<h2 class=\"gb-text gb-text-b902fb2b\">Coordonn\u00e9es<\/h2>\n\n\n\n<p class=\"gb-text gb-text-0c35e11b\">Nous nous engageons \u00e0 r\u00e9pondre \u00e0 toutes les demandes dans les meilleurs d\u00e9lais.<\/p>\n\n\n\n<div class=\"gb-element-413237b0\">\n<img loading=\"lazy\" decoding=\"async\" width=\"1080\" height=\"1080\" class=\"gb-media-0337035f\" alt=\"\" title=\"LOGO LA MATRIU\" src=\"https:\/\/gencosmic.com\/wp-content\/uploads\/2026\/03\/LOGO-LA-MATRIU.jpeg\" srcset=\"https:\/\/gencosmic.com\/wp-content\/uploads\/2026\/03\/LOGO-LA-MATRIU.jpeg 1080w, https:\/\/gencosmic.com\/wp-content\/uploads\/2026\/03\/LOGO-LA-MATRIU-300x300.jpeg 300w, https:\/\/gencosmic.com\/wp-content\/uploads\/2026\/03\/LOGO-LA-MATRIU-1024x1024.jpeg 1024w, https:\/\/gencosmic.com\/wp-content\/uploads\/2026\/03\/LOGO-LA-MATRIU-150x150.jpeg 150w, https:\/\/gencosmic.com\/wp-content\/uploads\/2026\/03\/LOGO-LA-MATRIU-768x768.jpeg 768w\" sizes=\"auto, (max-width: 1080px) 100vw, 1080px\" \/>\n\n\n\n<p class=\"gb-text gb-text-fe693443\"><strong>LA MATRIU DE CAN PAU DE LA ROSA<\/strong><\/p>\n\n\n\n<p class=\"gb-text gb-text-62b971cd\">Catalogne,&nbsp; Maresme:<strong style=\"display: inline !important;\">Ona<\/strong><\/p>\n\n\n\n<p class=\"gb-text-88a1dce7\"><span class=\"gb-shape\"><svg xmlns=\"http:\/\/www.w3.org\/2000\/svg\" aria-hidden=\"true\" role=\"img\" height=\"1em\" width=\"1em\" viewbox=\"0 0 512 512\"><path fill=\"currentColor\" d=\"M493.4 24.6l-104-24c-11.3-2.6-22.9 3.3-27.5 13.9l-48 112c-4.2 9.8-1.4 21.3 6.9 28l60.6 49.6c-36 76.7-98.9 140.5-177.2 177.2l-49.6-60.6c-6.8-8.3-18.2-11.1-28-6.9l-112 48C3.9 366.5-2 378.1.6 389.4l24 104C27.1 504.2 36.7 512 48 512c256.1 0 464-207.5 464-464 0-11.2-7.7-20.9-18.6-23.4z\"><\/path><\/svg><\/span><span class=\"gb-text\">+34 689 889 209<\/span><\/p>\n<\/div>\n\n\n\n<div class=\"gb-element-c155ca12\">\n<img loading=\"lazy\" decoding=\"async\" width=\"1080\" height=\"1080\" class=\"gb-media-ac64b795\" alt=\"\" title=\"LOGO LA MATRIU\" src=\"https:\/\/gencosmic.com\/wp-content\/uploads\/2026\/03\/LOGO-LA-MATRIU.jpeg\" srcset=\"https:\/\/gencosmic.com\/wp-content\/uploads\/2026\/03\/LOGO-LA-MATRIU.jpeg 1080w, https:\/\/gencosmic.com\/wp-content\/uploads\/2026\/03\/LOGO-LA-MATRIU-300x300.jpeg 300w, https:\/\/gencosmic.com\/wp-content\/uploads\/2026\/03\/LOGO-LA-MATRIU-1024x1024.jpeg 1024w, https:\/\/gencosmic.com\/wp-content\/uploads\/2026\/03\/LOGO-LA-MATRIU-150x150.jpeg 150w, https:\/\/gencosmic.com\/wp-content\/uploads\/2026\/03\/LOGO-LA-MATRIU-768x768.jpeg 768w\" sizes=\"auto, (max-width: 1080px) 100vw, 1080px\" \/>\n\n\n\n<p class=\"gb-text gb-text-fdd61ee2\"><strong>LA FERME DU RIF,<\/strong><\/p>\n\n\n\n<p class=\"gb-text gb-text-f055c5d6\">La Drome, France:<strong style=\"display: inline !important;\">Etienne<\/strong><\/p>\n\n\n\n<p class=\"gb-text-1d2fdd9c\"><span class=\"gb-shape\"><svg xmlns=\"http:\/\/www.w3.org\/2000\/svg\" aria-hidden=\"true\" role=\"img\" height=\"1em\" width=\"1em\" viewbox=\"0 0 512 512\"><path fill=\"currentColor\" d=\"M493.4 24.6l-104-24c-11.3-2.6-22.9 3.3-27.5 13.9l-48 112c-4.2 9.8-1.4 21.3 6.9 28l60.6 49.6c-36 76.7-98.9 140.5-177.2 177.2l-49.6-60.6c-6.8-8.3-18.2-11.1-28-6.9l-112 48C3.9 366.5-2 378.1.6 389.4l24 104C27.1 504.2 36.7 512 48 512c256.1 0 464-207.5 464-464 0-11.2-7.7-20.9-18.6-23.4z\"><\/path><\/svg><\/span><span class=\"gb-text\">+33 638525762<\/span><\/p>\n<\/div>\n<\/div>\n<\/div>\n<\/div>\n\n<div class=\"gb-element-21f44bff\">\n<div class=\"gb-element-6cf9eb96\">\n<h2 class=\"gb-text gb-text-13d2820b\">Foire aux questions sur le contact<\/h2>\n\n\n<div id=\"rank-math-faq\" class=\"rank-math-block\">\n<div class=\"rank-math-list \">\n<div id=\"faq-question-1762268324886\" class=\"rank-math-list-item\">\n<h3 class=\"rank-math-question \">En combien de temps vais-je recevoir une r\u00e9ponse ?<\/h3>\n<div class=\"rank-math-answer \">\n\n<p>Nous r\u00e9pondons g\u00e9n\u00e9ralement dans un d\u00e9lai maximum de 48 heures ouvrables. Si votre demande n\u00e9cessite une attention particuli\u00e8re ou concerne une exposition en cours, nous vous contacterons en priorit\u00e9. <\/p>\n\n<\/div>\n<\/div>\n<div id=\"faq-question-1762268340097\" class=\"rank-math-list-item\">\n<h3 class=\"rank-math-question \">Puis-je demander un rendez-vous en personne ou en ligne ?<\/h3>\n<div class=\"rank-math-answer \">\n\n<p>Oui. Nous pouvons organiser un appel vid\u00e9o ou une r\u00e9union en personne en fonction de votre localisation. Gencosmic est pr\u00e9sent en Catalogne (Espagne) et dans la Dr\u00f4me (France), mais nous travaillons avec des institutions dans toute l&rsquo;Europe.  <\/p>\n\n<\/div>\n<\/div>\n<div id=\"faq-question-1762268340779\" class=\"rank-math-list-item\">\n<h3 class=\"rank-math-question \">Proposez-vous un service d\u00e9di\u00e9 aux m\u00e9dias ou \u00e0 la presse?<\/h3>\n<div class=\"rank-math-answer \">\n\n<p>Bien s\u00fbr. Si vous \u00eates journaliste ou repr\u00e9sentant des m\u00e9dias, nous serons ravis de vous fournir des informations, des supports visuels ou d&rsquo;organiser des interviews concernant nos expositions, nos ateliers ou nos projets \u00e9ducatifs. <\/p>\n\n<\/div>\n<\/div>\n<div id=\"faq-question-1762268341850\" class=\"rank-math-list-item\">\n<h3 class=\"rank-math-question \">Est-il possible de collaborer avec Gencosmic ?<\/h3>\n<div class=\"rank-math-answer \">\n\n<p>Oui. Nous sommes ouverts \u00e0 toute collaboration avec des artistes, des institutions, des \u00e9tablissements scolaires et des organismes culturels qui partagent notre vision de l&rsquo;art, de l&rsquo;\u00e9ducation et de la diversit\u00e9 corporelle. <\/p>\n\n<\/div>\n<\/div>\n<\/div>\n<\/div><\/div>\n<\/div>\n\n<div class=\"gb-element-a660468c\">\n<div class=\"gb-element-a565e341\">\n<div class=\"gb-element-486a67bd\">\n<h2 class=\"gb-text gb-text-3de4f4f0\">Rejoins la communaut\u00e9 Gencosmic<\/h2>\n\n\n\n<p class=\"gb-text gb-text-c09ea38a\">Suivez-nous sur les r\u00e9seaux sociaux pour d\u00e9couvrir nos prochaines expositions, ateliers et projets.<\/p>\n\n\n\n<div class=\"gb-element-327b8d1d\">\n<a class=\"gb-text-08b348c1\" href=\"https:\/\/www.instagram.com\/gen.cosmic\/\" target=\"_blank\" rel=\"noopener\"><span class=\"gb-shape\"><svg xmlns=\"http:\/\/www.w3.org\/2000\/svg\" aria-hidden=\"true\" role=\"img\" height=\"1em\" width=\"1em\" viewbox=\"0 0 448 512\"><path fill=\"currentColor\" d=\"M224.1 141c-63.6 0-114.9 51.3-114.9 114.9s51.3 114.9 114.9 114.9S339 319.5 339 255.9 287.7 141 224.1 141zm0 189.6c-41.1 0-74.7-33.5-74.7-74.7s33.5-74.7 74.7-74.7 74.7 33.5 74.7 74.7-33.6 74.7-74.7 74.7zm146.4-194.3c0 14.9-12 26.8-26.8 26.8-14.9 0-26.8-12-26.8-26.8s12-26.8 26.8-26.8 26.8 12 26.8 26.8zm76.1 27.2c-1.7-35.9-9.9-67.7-36.2-93.9-26.2-26.2-58-34.4-93.9-36.2-37-2.1-147.9-2.1-184.9 0-35.8 1.7-67.6 9.9-93.9 36.1s-34.4 58-36.2 93.9c-2.1 37-2.1 147.9 0 184.9 1.7 35.9 9.9 67.7 36.2 93.9s58 34.4 93.9 36.2c37 2.1 147.9 2.1 184.9 0 35.9-1.7 67.7-9.9 93.9-36.2 26.2-26.2 34.4-58 36.2-93.9 2.1-37 2.1-147.8 0-184.8zM398.8 388c-7.8 19.6-22.9 34.7-42.6 42.6-29.5 11.7-99.5 9-132.1 9s-102.7 2.6-132.1-9c-19.6-7.8-34.7-22.9-42.6-42.6-11.7-29.5-9-99.5-9-132.1s-2.6-102.7 9-132.1c7.8-19.6 22.9-34.7 42.6-42.6 29.5-11.7 99.5-9 132.1-9s102.7-2.6 132.1 9c19.6 7.8 34.7 22.9 42.6 42.6 11.7 29.5 9 99.5 9 132.1s2.7 102.7-9 132.1z\"><\/path><\/svg><\/span><\/a>\n\n\n\n<a class=\"gb-text-a0ca69ff\" href=\"https:\/\/www.facebook.com\/people\/Gencosmic\/100082964697435\/\" target=\"_blank\" rel=\"noopener\"><span class=\"gb-shape\"><svg xmlns=\"http:\/\/www.w3.org\/2000\/svg\" aria-hidden=\"true\" role=\"img\" height=\"1em\" width=\"1em\" viewbox=\"0 0 320 512\"><path fill=\"currentColor\" d=\"M279.14 288l14.22-92.66h-88.91v-60.13c0-25.35 12.42-50.06 52.24-50.06h40.42V6.26S260.43 0 225.36 0c-73.22 0-121.08 44.38-121.08 124.72v70.62H22.89V288h81.39v224h100.17V288z\"><\/path><\/svg><\/span><\/a>\n<\/div>\n<\/div>\n<\/div>\n<\/div>\n","protected":false},"excerpt":{"rendered":"<p>Gencosmic CONTACT Contactez notre \u00e9quipe Nous serons ravis de vous accueillir et de vous aider \u00e0 cr\u00e9er une exp\u00e9rience artistique et \u00e9ducative adapt\u00e9e \u00e0 vos besoins. Vous pouvez remplir le formulaire de contact pour recevoir une r\u00e9ponse personnalis\u00e9e. CONTACTEZ-NOUS Parlons-en Emailgencosmic.contact@gmail.com LieuBarcelona &amp; Dr\u00f4me Coordonn\u00e9es Nous nous engageons \u00e0 r\u00e9pondre \u00e0 toutes les demandes dans &#8230; <a title=\"Contact\" class=\"read-more\" href=\"https:\/\/gencosmic.com\/fr\/contact\/\" aria-label=\"En savoir plus sur Contact\">Read More<\/a><\/p>\n","protected":false},"author":1,"featured_media":0,"parent":0,"menu_order":0,"comment_status":"closed","ping_status":"closed","template":"","meta":{"footnotes":""},"class_list":["post-8832","page","type-page","status-publish"],"_links":{"self":[{"href":"https:\/\/gencosmic.com\/fr\/wp-json\/wp\/v2\/pages\/8832","targetHints":{"allow":["GET"]}}],"collection":[{"href":"https:\/\/gencosmic.com\/fr\/wp-json\/wp\/v2\/pages"}],"about":[{"href":"https:\/\/gencosmic.com\/fr\/wp-json\/wp\/v2\/types\/page"}],"author":[{"embeddable":true,"href":"https:\/\/gencosmic.com\/fr\/wp-json\/wp\/v2\/users\/1"}],"replies":[{"embeddable":true,"href":"https:\/\/gencosmic.com\/fr\/wp-json\/wp\/v2\/comments?post=8832"}],"version-history":[{"count":2,"href":"https:\/\/gencosmic.com\/fr\/wp-json\/wp\/v2\/pages\/8832\/revisions"}],"predecessor-version":[{"id":8834,"href":"https:\/\/gencosmic.com\/fr\/wp-json\/wp\/v2\/pages\/8832\/revisions\/8834"}],"wp:attachment":[{"href":"https:\/\/gencosmic.com\/fr\/wp-json\/wp\/v2\/media?parent=8832"}],"curies":[{"name":"wp","href":"https:\/\/api.w.org\/{rel}","templated":true}]}}