{"id":9007,"date":"2020-08-21T13:01:59","date_gmt":"2020-08-21T11:01:59","guid":{"rendered":"https:\/\/gencosmic.com\/commencer\/"},"modified":"2026-04-24T13:28:54","modified_gmt":"2026-04-24T11:28:54","slug":"commencer","status":"publish","type":"page","link":"https:\/\/gencosmic.com\/fr\/","title":{"rendered":"Commencer"},"content":{"rendered":"\n<div class=\"gb-element-309f0c0b\">\n<div class=\"gb-element-cf824955\">\n<img loading=\"lazy\" decoding=\"async\" width=\"749\" height=\"198\" class=\"gb-media-d4bc82d0\" alt=\"\" src=\"https:\/\/gencosmic.com\/wp-content\/uploads\/2025\/11\/Gencosmic-Editado.png\" title=\"Gencosmic-Editado\" srcset=\"https:\/\/gencosmic.com\/wp-content\/uploads\/2025\/11\/Gencosmic-Editado.png 749w, https:\/\/gencosmic.com\/wp-content\/uploads\/2025\/11\/Gencosmic-Editado-300x79.png 300w\" sizes=\"auto, (max-width: 749px) 100vw, 749px\" \/>\n\n\n\n<div class=\"gb-element-dcd2368a\"><\/div>\n\n\n\n<p class=\"gb-text gb-text-7a3c55d9\">personnes, genre, g\u00e9n\u00e9tique et organes g\u00e9nitaux unis par le cosmos<\/p>\n<\/div>\n<\/div>\n\n<div class=\"gb-element-ac03c92d\">\n<div class=\"gb-element-2f2379bf\">\n<div class=\"gb-element-609836a3\">\n<span class=\"gb-text gb-text-0837ac7a\">ART CORPOREL ET \u00c9DUCATION<\/span>\n\n\n\n<h1 class=\"gb-text gb-text-6d645444\">Art corporel et \u00e9ducation sexuelle inclusive<\/h1>\n\n\n\n<p class=\"gb-text gb-text-397c08e9\">Gencosmic est un projet \u00e9ducatif d&rsquo;art corporel qui utilise de v\u00e9ritables moules du corps humain pour rendre visible la diversit\u00e9 g\u00e9nitale, briser les tabous et g\u00e9n\u00e9rer des exp\u00e9riences de connaissance de soi individuelle et collective.<\/p>\n\n\n\n<div class=\"gb-element-00b08ec4\">\n<a class=\"gb-text gb-text-c2089134\" href=\"#contacto\">Contact<\/a>\n\n\n\n<a class=\"gb-text gb-text-7fb023e9 btn-secondary\" href=\"https:\/\/gencosmic.com\/fr\/proyecto\/\">D\u00e9couvrez le projet<\/a>\n<\/div>\n<\/div>\n\n\n\n<div class=\"gb-element-418cb55e\">\n<p class=\"gb-text gb-text-5b28b8e8\">De v\u00e9ritables sculptures de corps comme outil de sensibilisation, d&rsquo;apprentissage et de transformation<\/p>\n<\/div>\n<\/div>\n<\/div>\n\n<div class=\"gb-element-9d0dff63\">\n<div class=\"gb-element-a73b30ff\">\n<h2 class=\"gb-text gb-text-e4fb1739\">Les d\u00e9buts de Gencosmic<\/h2>\n\n\n\n<div class=\"gb-element-97b8e74c\"><\/div>\n\n\n\n<div class=\"gb-element-ba8ce7cf\">\n<figure class=\"wp-block-embed is-type-video is-provider-youtube wp-block-embed-youtube wp-embed-aspect-16-9 wp-has-aspect-ratio\"><div class=\"wp-block-embed__wrapper\">\n<iframe loading=\"lazy\" title=\"Gencosmic, romper el silencio\" width=\"1200\" height=\"675\" src=\"https:\/\/www.youtube.com\/embed\/m4XpyhLo5uc?feature=oembed\" frameborder=\"0\" allow=\"accelerometer; autoplay; clipboard-write; encrypted-media; gyroscope; picture-in-picture; web-share\" referrerpolicy=\"strict-origin-when-cross-origin\" allowfullscreen><\/iframe>\n<\/div><\/figure>\n<\/div>\n<\/div>\n<\/div>\n\n<div class=\"gb-element-8f812d01\">\n<div class=\"gb-element-bc94b7ce\">\n<div class=\"gb-element-2e52fe00\">\n\n\n<h2 class=\"gb-text gb-text-b12961ae\">Un projet \u00e9ducatif d\u2019art corporel qui montre la diversit\u00e9<\/h2>\n\n\n\n<h3 class=\"gb-text gb-text-4aba9388\"><em>L&rsquo;art comme outil de sensibilisation et d&rsquo;apprentissage<\/em><\/h3>\n\n\n\n<p class=\"gb-text gb-text-50ea2a24\">L&rsquo;art corporel n&rsquo;est pas seulement une expression esth\u00e9tique. C&rsquo;est une fa\u00e7on de se regarder, de se reconna\u00eetre et de se r\u00e9concilier avec le corps r\u00e9el. <\/p>\n\n\n\n<p class=\"gb-text gb-text-06705414\">Chez Gencosmic nous transformons la sculpture corporelle en une exp\u00e9rience p\u00e9dagogique, \u00e9motionnelle et sociale. Nous travaillons avec des moules corporels authentiques pour cr\u00e9er des pi\u00e8ces, du mat\u00e9riel p\u00e9dagogique et des espaces de dialogue o\u00f9 le corps cesse d&rsquo;\u00eatre tabou et devient connaissance. <\/p>\n\n\n\n<p class=\"gb-text gb-text-5b851541\"><em>Notre approche allie l&rsquo;art, l&rsquo;\u00e9ducation et la conscience du corps dans le respect, la diversit\u00e9 et l&rsquo;\u00e9thique.<\/em><\/p>\n<\/div>\n\n\n\n<a class=\"gb-element-08f6d350\" href=\"https:\/\/www.youtube.com\/watch?v=SPtSyE5_r0Y\" target=\"_blank\" rel=\"noopener\"><\/a>\n<\/div>\n<\/div>\n\n<div class=\"gb-element-5c0bf5f4\">\n<div class=\"gb-element-6a8dfad3\">\n<div class=\"gb-element-ae6a50fa\">\n\n\n<h2 class=\"gb-text gb-text-1cf3d1bc\">\u00c0 qui s\u2019adresse Gencosmic ?<\/h2>\n\n\n\n<p class=\"gb-text gb-text-04eb2f2a\">Gencosmic s&rsquo;adresse \u00e0 toutes les personnes et entit\u00e9s qui cherchent \u00e0 habiter le corps librement et consciemment.<\/p>\n\n\n\n<div class=\"gb-element-009b4059\">\n<p class=\"gb-text-992b986b\"><span class=\"gb-shape\"><\/span><span class=\"gb-text\">Inclusion radicale<\/span><\/p>\n\n\n\n<p class=\"gb-text-cc4aa5fc\"><span class=\"gb-shape\"><\/span><span class=\"gb-text\">Perspective de genre<\/span><\/p>\n\n\n\n<p class=\"gb-text-faaa5a54\"><span class=\"gb-shape\"><\/span><span class=\"gb-text\">Espace s\u00fbr et digne de confiance<\/span><\/p>\n<\/div>\n\n\n\n<p class=\"gb-text gb-text-f89ce3e5\"><em>Chaque exp\u00e9rience est adapt\u00e9e au contexte et aux personnes qui y participent.<\/em><\/p>\n<\/div>\n\n\n\n<div class=\"gb-element-06d10db9\">\n<div class=\"gb-element-7fa55746\">\n<div class=\"gb-element-49284014\">\n<p class=\"gb-text-f331b140\"><span class=\"gb-shape\"><\/span><\/p>\n\n\n\n<h3 class=\"gb-text gb-text-f302218e\"><em><strong>Individuel<\/strong><\/em><\/h3>\n\n\n\n<p class=\"gb-text gb-text-da901acd\">Les personnes qui souhaitent vivre une exp\u00e9rience intime d\u2019acceptation de soi.<\/p>\n<\/div>\n\n\n\n<div class=\"gb-element-864f479f\">\n<p class=\"gb-text-0ba9fb74\"><span class=\"gb-shape\"><\/span><\/p>\n\n\n\n<h3 class=\"gb-text gb-text-2650034e\"><em><strong>Professionnels<\/strong><\/em><\/h3>\n\n\n\n<p class=\"gb-text gb-text-0cc80463\">Enseignants et professionnels de l\u2019\u00e9ducation et de la sant\u00e9 int\u00e9ress\u00e9s par les nouvelles m\u00e9thodologies.<\/p>\n<\/div>\n\n\n\n<div class=\"gb-element-a8641633\">\n<p class=\"gb-text-107424ce\"><span class=\"gb-shape\">\n\t\n\t\n\t\n\t\n\t\n\t\n\t\n\t\n\n\n\n\n\n\n\n\n\n\n\n\n\n\n\n<\/span><\/p>\n\n\n\n<h3 class=\"gb-text gb-text-6a4dc7d3\"><em><strong><em><strong>Entit\u00e9s<\/strong><\/em><\/strong><\/em><\/h3>\n\n\n\n<p class=\"gb-text gb-text-8ddf3ba1\">Centres \u00e9ducatifs, culturels et de sant\u00e9.<\/p>\n<\/div>\n\n\n\n<div class=\"gb-element-678dece3\">\n<p class=\"gb-text-cd27ba38\"><span class=\"gb-shape\"><\/span><\/p>\n\n\n\n<h3 class=\"gb-text gb-text-b1071719\"><em><strong>Collectifs<\/strong><\/em><\/h3>\n\n\n\n<p class=\"gb-text gb-text-a56e1346\">Associations, groupes f\u00e9ministes et espaces conscients.<\/p>\n<\/div>\n<\/div>\n<\/div>\n<\/div>\n<\/div>\n\n<div class=\"gb-element-5e40751e\">\n<div class=\"gb-element-88b528a8\">\n<div class=\"gb-element-7cdb251d\"><\/div>\n\n\n\n<div class=\"gb-element-532a8f35\">\n\n\n<h2 class=\"gb-text gb-text-b902fb2b\">\u00c9ducation sexuelle inclusive<\/h2>\n\n\n\n<h3 class=\"gb-text gb-text-53bd1d0a\"><em>Mat\u00e9riel p\u00e9dagogique bas\u00e9 sur des corps r\u00e9els, mod\u00e8les anatomiques.<\/em><\/h3>\n\n\n\n<p class=\"gb-text gb-text-0c35e11b\">Nous d\u00e9veloppons des ressources p\u00e9dagogiques \u00e0 partir de v\u00e9ritables moules de vulves, de p\u00e9nis et de canaux vaginaux, fabriqu\u00e9s avec des mat\u00e9riaux s\u00fbrs et \u00e9thiques. Devenir de v\u00e9ritables mod\u00e8les anatomiques. <\/p>\n\n\n\n<p class=\"gb-text gb-text-65218c84\">Ces mat\u00e9riels nous permettent d&rsquo;enseigner l&rsquo;anatomie et la diversit\u00e9 g\u00e9nitale de mani\u00e8re visuelle, sensorielle et sans pr\u00e9jug\u00e9s, en s&rsquo;adaptant aux diff\u00e9rents niveaux d&rsquo;enseignement : primaire, secondaire, formation professionnelle, universit\u00e9s et h\u00f4pitaux.<\/p>\n\n\n\n<a class=\"gb-text gb-text-b0b9d2e5\" href=\"https:\/\/gencosmic.com\/fr\/education\/\">\u00c9ducation et mat\u00e9riel p\u00e9dagogique<\/a>\n<\/div>\n<\/div>\n<\/div>\n\n<div class=\"gb-element-80a5325e\">\n<div class=\"gb-element-3990f913\">\n<div class=\"gb-element-988fa7a9\">\n\n\n<h2 class=\"gb-text gb-text-71b6dda0\">Art intime et transformateur<\/h2>\n\n\n\n<p class=\"gb-text gb-text-ada31140\">Nous r\u00e9alisons des moules uniques du corps de chaque personne, transform\u00e9s en sculptures qui c\u00e9l\u00e8brent l&rsquo;identit\u00e9, la m\u00e9moire et l&rsquo;histoire du corps.<\/p>\n\n\n\n<p class=\"gb-text gb-text-637aa4a2\">Chaque s\u00e9ance est une d\u00e9marche artistique et \u00e9motionnelle, accompagn\u00e9e de soins, de confidentialit\u00e9 et de respect.<\/p>\n\n\n\n<p class=\"gb-text-36516a7e\"><span class=\"gb-shape\"><\/span><span class=\"gb-text\"><em>Nous travaillons des mat\u00e9riaux tels que le pl\u00e2tre, l&rsquo;\u00e9co-r\u00e9sine ou le bronze.<\/em><\/span><\/p>\n\n\n\n<p class=\"gb-text-bf1c63c4\"><span class=\"gb-shape\"><\/span><span class=\"gb-text\"><em>Ce ne sont pas des pi\u00e8ces d\u00e9coratives : ce sont des t\u00e9moins physiques d&rsquo;un moment vital.<\/em><\/span><\/p>\n\n\n\n<a class=\"gb-text gb-text-f2d2baa3\" href=\"https:\/\/gencosmic.com\/fr\/creations-personnalisees\/\">Exp\u00e9riences personnalis\u00e9es<\/a>\n<\/div>\n\n\n\n<div class=\"gb-element-3fede4d3\"><\/div>\n<\/div>\n<\/div>\n\n<div class=\"gb-element-09c45cb9\">\n<div class=\"gb-element-1b0d9ec6\">\n<div class=\"gb-element-082ea022\"><\/div>\n\n\n\n<div class=\"gb-element-e8598d90\">\n\n\n<h2 class=\"gb-text gb-text-41651310\">Talleres, exposiciones y charlas: Arte corporal que inspira y genera di\u00e1logo<\/h2>\n\n\n\n<p class=\"gb-text gb-text-6179e8cc\">Gencosmic est d\u00e9ploy\u00e9 dans :<\/p>\n\n\n\n<div class=\"gb-element-fb276ec2\">\n<p class=\"gb-text-989246c3\"><span class=\"gb-shape\"><\/span><span class=\"gb-text\">Expositions artistiques<\/span><\/p>\n\n\n\n<p class=\"gb-text-9d26e892\"><span class=\"gb-shape\"><\/span><span class=\"gb-text\">Ateliers exp\u00e9rientiels de groupe<\/span><\/p>\n\n\n\n<p class=\"gb-text-88ab7a1b\"><span class=\"gb-shape\"><\/span><span class=\"gb-text\">Conf\u00e9rences p\u00e9dagogiques et espaces de r\u00e9flexion<\/span><\/p>\n<\/div>\n\n\n\n<p class=\"gb-text gb-text-663f5ea0\"><em>Les sculptures r\u00e9elles dialoguent avec des t\u00e9moignages et des ressources visuelles, nous invitant \u00e0 interroger les mod\u00e8les normatifs du corps et de la sexualit\u00e9.<\/em><\/p>\n\n\n\n<div class=\"gb-element-b1d9077b\">\n<a class=\"gb-text gb-text-74c5d1ec\" href=\"https:\/\/gencosmic.com\/fr\/ateliers\/\">Ateliers<\/a>\n\n\n\n<a class=\"gb-text gb-text-b4eeb898 btn-secondary\" href=\"https:\/\/gencosmic.com\/fr\/expositions\/\">Expositions<\/a>\n<\/div>\n<\/div>\n<\/div>\n<\/div>\n\n<div class=\"gb-element-12de03de\">\n<div class=\"gb-element-396311e9\">\n<div class=\"gb-element-68e830fb\">\n<h2 class=\"gb-text gb-text-a1a755e8\">Pr\u00e9sence et trajectoire<\/h2>\n\n\n\n<p class=\"gb-text gb-text-254eb18f\">Gencosmic est pr\u00e9sent dans des espaces culturels, \u00e9ducatifs et des \u00e9v\u00e9nements sp\u00e9cialis\u00e9s, en collaboration avec des institutions engag\u00e9es dans l&rsquo;\u00e9ducation et la diversit\u00e9 corporelle.<\/p>\n\n\n\n<div class=\"gb-element-c064c854\">\n<div class=\"gb-element-a2b59133\">\n<img loading=\"lazy\" decoding=\"async\" width=\"1667\" height=\"521\" class=\"gb-media-04d198ed\" src=\"https:\/\/gencosmic.com\/wp-content\/uploads\/2026\/03\/Generalitat-de-Catalunya-Departament-dEmpreses-i-Treball-2.webp\" title=\"Generalitat-de-Catalunya-Departament-dEmpreses-i-Treball-2\" alt=\"\" srcset=\"https:\/\/gencosmic.com\/wp-content\/uploads\/2026\/03\/Generalitat-de-Catalunya-Departament-dEmpreses-i-Treball-2.webp 1667w, https:\/\/gencosmic.com\/wp-content\/uploads\/2026\/03\/Generalitat-de-Catalunya-Departament-dEmpreses-i-Treball-2-300x94.webp 300w, https:\/\/gencosmic.com\/wp-content\/uploads\/2026\/03\/Generalitat-de-Catalunya-Departament-dEmpreses-i-Treball-2-1024x320.webp 1024w, https:\/\/gencosmic.com\/wp-content\/uploads\/2026\/03\/Generalitat-de-Catalunya-Departament-dEmpreses-i-Treball-2-768x240.webp 768w, https:\/\/gencosmic.com\/wp-content\/uploads\/2026\/03\/Generalitat-de-Catalunya-Departament-dEmpreses-i-Treball-2-1536x480.webp 1536w\" sizes=\"auto, (max-width: 1667px) 100vw, 1667px\" \/>\n\n\n<\/div>\n\n\n\n<div class=\"gb-element-1dd32ca4\">\n<img loading=\"lazy\" decoding=\"async\" width=\"1667\" height=\"521\" class=\"gb-media-c3b2b292\" src=\"https:\/\/gencosmic.com\/wp-content\/uploads\/2026\/03\/CoFinancatUE_lateral.webp\" title=\"CoFinancatUE_lateral\" alt=\"\" srcset=\"https:\/\/gencosmic.com\/wp-content\/uploads\/2026\/03\/CoFinancatUE_lateral.webp 1667w, https:\/\/gencosmic.com\/wp-content\/uploads\/2026\/03\/CoFinancatUE_lateral-300x94.webp 300w, https:\/\/gencosmic.com\/wp-content\/uploads\/2026\/03\/CoFinancatUE_lateral-1024x320.webp 1024w, https:\/\/gencosmic.com\/wp-content\/uploads\/2026\/03\/CoFinancatUE_lateral-768x240.webp 768w, https:\/\/gencosmic.com\/wp-content\/uploads\/2026\/03\/CoFinancatUE_lateral-1536x480.webp 1536w\" sizes=\"auto, (max-width: 1667px) 100vw, 1667px\" \/>\n\n\n<\/div>\n\n\n\n<div class=\"gb-element-8bcb027a\">\n<img loading=\"lazy\" decoding=\"async\" width=\"1667\" height=\"521\" class=\"gb-media-cf840ba1\" src=\"https:\/\/gencosmic.com\/wp-content\/uploads\/2026\/03\/Ministerio-de-trabajo-y-economia-social.webp\" title=\"Ministerio-de-trabajo-y-economia-social\" alt=\"\" srcset=\"https:\/\/gencosmic.com\/wp-content\/uploads\/2026\/03\/Ministerio-de-trabajo-y-economia-social.webp 1667w, https:\/\/gencosmic.com\/wp-content\/uploads\/2026\/03\/Ministerio-de-trabajo-y-economia-social-300x94.webp 300w, https:\/\/gencosmic.com\/wp-content\/uploads\/2026\/03\/Ministerio-de-trabajo-y-economia-social-1024x320.webp 1024w, https:\/\/gencosmic.com\/wp-content\/uploads\/2026\/03\/Ministerio-de-trabajo-y-economia-social-768x240.webp 768w, https:\/\/gencosmic.com\/wp-content\/uploads\/2026\/03\/Ministerio-de-trabajo-y-economia-social-1536x480.webp 1536w\" sizes=\"auto, (max-width: 1667px) 100vw, 1667px\" \/>\n\n\n<\/div>\n\n\n\n<div class=\"gb-element-f0443d9c\">\n<img loading=\"lazy\" decoding=\"async\" width=\"1667\" height=\"521\" class=\"gb-media-3aeb6f68\" src=\"https:\/\/gencosmic.com\/wp-content\/uploads\/2026\/03\/SistemaNacionalDeGarantiaJuvenil.webp\" title=\"SistemaNacionalDeGarant\u00edaJuvenil\" alt=\"\" srcset=\"https:\/\/gencosmic.com\/wp-content\/uploads\/2026\/03\/SistemaNacionalDeGarantiaJuvenil.webp 1667w, https:\/\/gencosmic.com\/wp-content\/uploads\/2026\/03\/SistemaNacionalDeGarantiaJuvenil-300x94.webp 300w, https:\/\/gencosmic.com\/wp-content\/uploads\/2026\/03\/SistemaNacionalDeGarantiaJuvenil-1024x320.webp 1024w, https:\/\/gencosmic.com\/wp-content\/uploads\/2026\/03\/SistemaNacionalDeGarantiaJuvenil-768x240.webp 768w, https:\/\/gencosmic.com\/wp-content\/uploads\/2026\/03\/SistemaNacionalDeGarantiaJuvenil-1536x480.webp 1536w\" sizes=\"auto, (max-width: 1667px) 100vw, 1667px\" \/>\n\n\n<\/div>\n\n\n\n\n<\/div>\n<\/div>\n<\/div>\n<\/div>\n\n<div class=\"gb-element-a660468c\" id=\"contacto\">\n<div class=\"gb-element-a565e341\">\n<div class=\"gb-element-486a67bd\">\n<h2 class=\"gb-text gb-text-3de4f4f0\">Le corps ne se corrige pas,<br>est compris<\/h2>\n\n\n\n<p class=\"gb-text gb-text-c09ea38a\">Chez Gencosmic nous vous invitons \u00e0 d\u00e9couvrir une nouvelle fa\u00e7on d&rsquo;apprendre, de ressentir et de cr\u00e9er \u00e0 travers le corps.<\/p>\n\n\n\n<p class=\"gb-text gb-text-8640810a\">Que vous soyez enseignant, professionnel ou curieux, nous concevrons avec vous une exp\u00e9rience riche de sens et respectueuse.<\/p>\n\n\n\n<p class=\"gb-text-ef881d3b\"><span class=\"gb-text\"><strong>CONTACTEZ-NOUS<\/strong><\/span><span class=\"gb-shape\"><\/span><\/p>\n\n\n\n<div class=\"gb-element-404c839b\">\n<div class=\"gb-element-0d8a507d\">\n<h3 class=\"gb-text gb-text-af3ddd55\">Parlons-en<\/h3>\n\n\n\n<div class=\"gb-element-9448dc3b\">\n<p class=\"gb-text-ed08dc50\"><span class=\"gb-shape\">\n\t\n\t\n\t\t\n\t\n\t\n\t\n\t\t\n\n\n\n\n\n\n\n\n\n\n\n\n\n\n\n<\/span><\/p>\n\n\n\n<p class=\"gb-text gb-text-2b6f80c9\">Email<br><strong>gencosmic.contact @gmail.com<\/strong><\/p>\n<\/div>\n<\/div>\n\n\n\n<div class=\"gb-element-86de89cc\">\n\n\n\n<\/div>\n<\/div>\n<\/div>\n<\/div>\n<\/div>\n\n<div class=\"gb-element-21f44bff\">\n<div class=\"gb-element-6cf9eb96\">\n<h2 class=\"gb-text gb-text-13d2820b\">FAQ sur l\u2019art corporel<\/h2>\n\n\n<div id=\"rank-math-faq\" class=\"rank-math-block\">\n<div class=\"rank-math-list \">\n<div id=\"faq-question-1762268324886\" class=\"rank-math-list-item\">\n<h3 class=\"rank-math-question \">Qu\u2019est-ce que l\u2019art corporel et pourquoi est-il important ?<\/h3>\n<div class=\"rank-math-answer \">\n\n<p>L&rsquo;art corporel utilise le corps humain comme moyen d&rsquo;expression, de r\u00e9flexion et d&rsquo;apprentissage. Chez Gencosmic, cela va au-del\u00e0 de l\u2019esth\u00e9tique : elle cherche \u00e0 \u00e9duquer, sensibiliser et rendre visible la diversit\u00e9 corporelle. C&rsquo;est un art avec un but, bas\u00e9 sur la conscience et le respect.  <\/p>\n\n<\/div>\n<\/div>\n<div id=\"faq-question-1762268340097\" class=\"rank-math-list-item\">\n<h3 class=\"rank-math-question \">Les moisissures corporelles sont-elles r\u00e9elles ?<\/h3>\n<div class=\"rank-math-answer \">\n\n<p>Oui. Toutes les pi\u00e8ces sont des moules de corps r\u00e9els, fabriqu\u00e9s avec des mat\u00e9riaux s\u00fbrs et selon un processus \u00e9thique. Nous avons le consentement des participants et garantissons une confidentialit\u00e9 totale \u00e0 chaque \u00e9tape.  <\/p>\n\n<\/div>\n<\/div>\n<div id=\"faq-question-1762268340779\" class=\"rank-math-list-item\">\n<h3 class=\"rank-math-question \">Comment le mat\u00e9riel p\u00e9dagogique est-il utilis\u00e9 ?<\/h3>\n<div class=\"rank-math-answer \">\n\n<p>Nos packs p\u00e9dagogiques sont utilis\u00e9s dans des contextes scolaires, sanitaires ou culturels. Ils permettent d&rsquo;expliquer l&rsquo;anatomie, la diversit\u00e9 et la sexualit\u00e9 de mani\u00e8re visuelle, proche et sans tabous, favorisant le respect et la curiosit\u00e9. <\/p>\n\n<\/div>\n<\/div>\n<div id=\"faq-question-1762268341850\" class=\"rank-math-list-item\">\n<h3 class=\"rank-math-question \">Qui peut participer \u00e0 des exp\u00e9riences personnalis\u00e9es ?<\/h3>\n<div class=\"rank-math-answer \">\n\n<p>Tout adulte souhaitant vivre une exp\u00e9rience artistique et \u00e9motionnelle avec son propre corps. Nous offrons un soutien professionnel et sensible tout au long du processus. <\/p>\n\n<\/div>\n<\/div>\n<div id=\"faq-question-1762268342458\" class=\"rank-math-list-item\">\n<h3 class=\"rank-math-question \">O\u00f9 voir les expositions Gencosmic ?<\/h3>\n<div class=\"rank-math-answer \">\n\n<p>Nos expositions sont itin\u00e9rantes et sont pr\u00e9sent\u00e9es dans diff\u00e9rents espaces culturels et p\u00e9dagogiques. Vous pouvez v\u00e9rifier les dates \u00e0 venir ou demander \u00e0 amener l&rsquo;exposition dans votre ville via le formulaire de contact. <\/p>\n\n<\/div>\n<\/div>\n<\/div>\n<\/div><\/div>\n<\/div>\n","protected":false},"excerpt":{"rendered":"<p>personnes, genre, g\u00e9n\u00e9tique et organes g\u00e9nitaux unis par le cosmos ART CORPOREL ET \u00c9DUCATION Art corporel et \u00e9ducation sexuelle inclusive Gencosmic est un projet \u00e9ducatif d&rsquo;art corporel qui utilise de v\u00e9ritables moules du corps humain pour rendre visible la diversit\u00e9 g\u00e9nitale, briser les tabous et g\u00e9n\u00e9rer des exp\u00e9riences de connaissance de soi individuelle et collective. &#8230; <a title=\"Commencer\" class=\"read-more\" href=\"https:\/\/gencosmic.com\/fr\/\" aria-label=\"En savoir plus sur Commencer\">Read More<\/a><\/p>\n","protected":false},"author":1,"featured_media":9006,"parent":0,"menu_order":0,"comment_status":"closed","ping_status":"closed","template":"","meta":{"footnotes":""},"class_list":["post-9007","page","type-page","status-publish","has-post-thumbnail"],"_links":{"self":[{"href":"https:\/\/gencosmic.com\/fr\/wp-json\/wp\/v2\/pages\/9007","targetHints":{"allow":["GET"]}}],"collection":[{"href":"https:\/\/gencosmic.com\/fr\/wp-json\/wp\/v2\/pages"}],"about":[{"href":"https:\/\/gencosmic.com\/fr\/wp-json\/wp\/v2\/types\/page"}],"author":[{"embeddable":true,"href":"https:\/\/gencosmic.com\/fr\/wp-json\/wp\/v2\/users\/1"}],"replies":[{"embeddable":true,"href":"https:\/\/gencosmic.com\/fr\/wp-json\/wp\/v2\/comments?post=9007"}],"version-history":[{"count":9,"href":"https:\/\/gencosmic.com\/fr\/wp-json\/wp\/v2\/pages\/9007\/revisions"}],"predecessor-version":[{"id":9277,"href":"https:\/\/gencosmic.com\/fr\/wp-json\/wp\/v2\/pages\/9007\/revisions\/9277"}],"wp:featuredmedia":[{"embeddable":true,"href":"https:\/\/gencosmic.com\/fr\/wp-json\/wp\/v2\/media\/9006"}],"wp:attachment":[{"href":"https:\/\/gencosmic.com\/fr\/wp-json\/wp\/v2\/media?parent=9007"}],"curies":[{"name":"wp","href":"https:\/\/api.w.org\/{rel}","templated":true}]}}