{"id":9249,"date":"2025-11-05T19:24:09","date_gmt":"2025-11-05T17:24:09","guid":{"rendered":"https:\/\/gencosmic.com\/ateliers\/"},"modified":"2026-04-24T12:47:00","modified_gmt":"2026-04-24T10:47:00","slug":"ateliers","status":"publish","type":"page","link":"https:\/\/gencosmic.com\/fr\/ateliers\/","title":{"rendered":"Ateliers"},"content":{"rendered":"\n<div class=\"gb-element-0a25be2f\">\n<div class=\"gb-element-c0e7c99c\">\n<h1 class=\"gb-text gb-text-321e9987\"><strong>Ateliers de connaissance de soi<\/strong><\/h1>\n\n\n\n<div class=\"gb-element-dcd2368a\"><\/div>\n\n\n\n<p class=\"gb-text gb-text-7a3c55d9\">art, corps et connexion <\/p>\n<\/div>\n<\/div>\n\n<div class=\"gb-element-8f812d01\">\n<div class=\"gb-element-bc94b7ce\">\n<div class=\"gb-element-2e52fe00\">\n\n\n<h2 class=\"gb-text gb-text-b12961ae\">D\u00e9couvrez le pouvoir du processus cr\u00e9atif pour mieux vous conna\u00eetre.<\/h2>\n\n\n\n<h3 class=\"gb-text gb-text-4aba9388\"><em>Ateliers exp\u00e9rientiels pour renouer avec le corps et la cr\u00e9ativit\u00e9<\/em><\/h3>\n\n\n\n<p class=\"gb-text gb-text-50ea2a24\">Les ateliers de connaissance de soi de Gencosmic sont des exp\u00e9riences de groupe immersives con\u00e7ues pour explorer le corps, les \u00e9motions et l&rsquo;identit\u00e9 \u00e0 travers l&rsquo;art corporel.<\/p>\n\n\n\n<p class=\"gb-text gb-text-5b851541\">\u00c0 travers des exercices cr\u00e9atifs et la cr\u00e9ation de moules, nous favorisons l&rsquo;acceptation de soi, l&#8217;empathie, la diversit\u00e9 corporelle et la red\u00e9couverte de soi par le jeu.<\/p>\n<\/div>\n\n\n\n<div class=\"gb-element-08f6d350\"><\/div>\n<\/div>\n<\/div>\n\n<div class=\"gb-element-5e40751e\">\n<div class=\"gb-element-88b528a8\">\n<div class=\"gb-element-7cdb251d\"><\/div>\n\n\n\n<div class=\"gb-element-532a8f35\">\n\n\n<h2 class=\"gb-text gb-text-b902fb2b\">Ateliers de bricolage en groupe : cr\u00e9ez de vos propres mains<\/h2>\n\n\n\n<p class=\"gb-text gb-text-0c35e11b\">Les ateliers de groupe DIY (Do It Yourself) de Gencosmic offrent la possibilit\u00e9 de participer activement \u00e0 la cr\u00e9ation de son propre moule, transformant ainsi le processus artistique en une exp\u00e9rience collective et enrichissante.<\/p>\n\n\n\n<p class=\"gb-text gb-text-7e25e0bf\">Les activit\u00e9s sont adapt\u00e9es \u00e0 diff\u00e9rents contextes et publics : groupes \u00e9ducatifs, associations culturelles, espaces f\u00e9ministes ou communaut\u00e9s int\u00e9ress\u00e9es par l\u2019exploration des liens entre art, corps et conscience.<\/p>\n\n\n\n<a class=\"gb-text gb-text-b0b9d2e5\" href=\"https:\/\/gencosmic.com\/fr\/contact\/\">En savoir plus<\/a>\n<\/div>\n<\/div>\n<\/div>\n\n<div class=\"gb-element-cca821d6\">\n<div class=\"gb-element-3cb5a254\">\n<h2 class=\"gb-text gb-text-39605df1\">Ateliers Gencosmic : Exp\u00e9riences vivantes d&rsquo;art et de connaissance de soi<\/h2>\n\n\n\n<p class=\"gb-text gb-text-25ad05ae\">Un espace pour se reconnecter \u00e0 son corps par le jeu, sans tabous, pour s&rsquo;observer et se rapprocher de son propre corps gr\u00e2ce \u00e0 la curiosit\u00e9.<\/p>\n\n\n\n<div class=\"gb-element-df8f8593\">\n<div class=\"gb-element-13dabe38\">\n<div class=\"gb-element-9a910ddc\">\n<p class=\"gb-text gb-text-cad4ff6e\">IMMERSION PROFONDE<\/p>\n\n\n\n<h3 class=\"gb-text gb-text-05242815\"><strong>Atelier principal : La vulve<\/strong><\/h3>\n\n\n\n<p class=\"gb-text gb-text-39ff095a\">Un atelier exp\u00e9rientiel de 4 heures o\u00f9 nous explorons le corps \u00e0 travers l&rsquo;art, l&rsquo;humour et la conscience corporelle.<\/p>\n\n\n\n<p class=\"gb-text gb-text-cb9f7609\">Au cours de ce processus, des conversations s&rsquo;ouvrent sur l&rsquo;esth\u00e9tique, l&rsquo;identit\u00e9, le plaisir et la diversit\u00e9 g\u00e9nitale.<\/p>\n\n\n\n<img loading=\"lazy\" decoding=\"async\" width=\"2560\" height=\"1707\" class=\"gb-media-fb9ae77c\" alt=\"\" title=\"IMG_9568\" src=\"https:\/\/gencosmic.com\/wp-content\/uploads\/2026\/03\/IMG_9568-scaled.webp\" srcset=\"https:\/\/gencosmic.com\/wp-content\/uploads\/2026\/03\/IMG_9568-scaled.webp 2560w, https:\/\/gencosmic.com\/wp-content\/uploads\/2026\/03\/IMG_9568-300x200.webp 300w, https:\/\/gencosmic.com\/wp-content\/uploads\/2026\/03\/IMG_9568-1024x683.webp 1024w, https:\/\/gencosmic.com\/wp-content\/uploads\/2026\/03\/IMG_9568-768x512.webp 768w, https:\/\/gencosmic.com\/wp-content\/uploads\/2026\/03\/IMG_9568-1536x1024.webp 1536w, https:\/\/gencosmic.com\/wp-content\/uploads\/2026\/03\/IMG_9568-2048x1365.webp 2048w\" sizes=\"auto, (max-width: 2560px) 100vw, 2560px\" \/>\n\n\n\n<p class=\"gb-text-fed2a605\"><span class=\"gb-text\"><a href=\"#contacto\">En savoir plus<\/a><\/span><span class=\"gb-shape\"><\/span><\/p>\n<\/div>\n<\/div>\n\n\n\n<div class=\"gb-element-47b37399\">\n<div class=\"gb-element-e40d5544\">\n<p class=\"gb-text gb-text-c0abd17b\">FLEXIBILIT\u00c9<\/p>\n\n\n\n<h3 class=\"gb-text gb-text-14a303d8\"><strong>Ateliers adapt\u00e9s et collaboratifs<\/strong><\/h3>\n\n\n\n<p class=\"gb-text gb-text-9a218925\">Les ateliers Gencosmic sont con\u00e7us de mani\u00e8re personnalis\u00e9e, en tenant compte des besoins du groupe, du contexte et de l&rsquo;espace o\u00f9 ils se d\u00e9roulent.<\/p>\n\n\n\n<p class=\"gb-text gb-text-1d1f4479\">Chaque proposition est \u00e9labor\u00e9e sur mesure, en prenant en compte le contenu et le soutien apport\u00e9 au groupe.<\/p>\n\n\n\n<img loading=\"lazy\" decoding=\"async\" width=\"2048\" height=\"1365\" class=\"gb-media-fd2194cd\" alt=\"\" title=\"442494598_1013026140182211_1222523069351318473_n\" src=\"https:\/\/gencosmic.com\/wp-content\/uploads\/2026\/03\/442494598_1013026140182211_1222523069351318473_n.webp\" srcset=\"https:\/\/gencosmic.com\/wp-content\/uploads\/2026\/03\/442494598_1013026140182211_1222523069351318473_n.webp 2048w, https:\/\/gencosmic.com\/wp-content\/uploads\/2026\/03\/442494598_1013026140182211_1222523069351318473_n-300x200.webp 300w, https:\/\/gencosmic.com\/wp-content\/uploads\/2026\/03\/442494598_1013026140182211_1222523069351318473_n-1024x683.webp 1024w, https:\/\/gencosmic.com\/wp-content\/uploads\/2026\/03\/442494598_1013026140182211_1222523069351318473_n-768x512.webp 768w, https:\/\/gencosmic.com\/wp-content\/uploads\/2026\/03\/442494598_1013026140182211_1222523069351318473_n-1536x1024.webp 1536w\" sizes=\"auto, (max-width: 2048px) 100vw, 2048px\" \/>\n\n\n\n<p class=\"gb-text-df8510b0\"><span class=\"gb-text\"><a href=\"#contacto\">En savoir plus<\/a><\/span><span class=\"gb-shape\"><\/span><\/p>\n<\/div>\n<\/div>\n<\/div>\n<\/div>\n<\/div>\n\n<div class=\"gb-element-535a437a\">\n<div class=\"gb-element-8ef1e3fd\">\n<div class=\"gb-element-3f5ec2c2\">\n<h2 class=\"gb-text gb-text-63023fc1\">Avantages des ateliers de connaissance de soi<\/h2>\n\n\n\n<p class=\"gb-text gb-text-6dcd97e9\">Les ateliers de connaissance de soi de Gencosmic ne sont pas seulement une activit\u00e9 artistique, mais une exp\u00e9rience de croissance personnelle et collective.<\/p>\n\n\n\n<p class=\"gb-text gb-text-c61af8f9\">\u00c0 travers l&rsquo;art corporel et la r\u00e9flexion guid\u00e9e, les participants :<\/p>\n<\/div>\n\n\n\n<div class=\"gb-element-21951490\">\n<p class=\"gb-text-2e6a3113\"><span class=\"gb-shape\"><\/span><span class=\"gb-text\"><em><strong>Elles renforcent l&rsquo;estime de soi et l&rsquo;acceptation de son corps.<\/strong><\/em><\/span><\/p>\n\n\n\n<p class=\"gb-text-5cf92307\"><span class=\"gb-shape\"><\/span><span class=\"gb-text\"><strong>Ils d\u00e9veloppent l&#8217;empathie, l&rsquo;\u00e9coute active et la coh\u00e9sion de groupe.<\/strong><\/span><\/p>\n\n\n\n<p class=\"gb-text-c4ce30e6\"><span class=\"gb-shape\"><\/span><span class=\"gb-text\"><em><strong>Elles \u00e9veillent la cr\u00e9ativit\u00e9 et de nouvelles formes d&rsquo;expression.<\/strong><\/em><\/span><\/p>\n\n\n\n<p class=\"gb-text-4427db77\"><span class=\"gb-shape\"><\/span><span class=\"gb-text\"><em><strong>Ils am\u00e9liorent leur bien-\u00eatre \u00e9motionnel et leur connexion au pr\u00e9sent.<\/strong><\/em><\/span><\/p>\n\n\n\n<p class=\"gb-text-7ea1783f\"><span class=\"gb-shape\"><\/span><span class=\"gb-text\"><em><strong>Elles int\u00e8grent une vision plus inclusive et respectueuse de tous les corps.<\/strong><\/em><\/span><\/p>\n<\/div>\n<\/div>\n<\/div>\n\n<div class=\"gb-element-2562526c\">\n<div class=\"gb-element-a0a038c6\">\n<div class=\"gb-element-46ed245b\"><\/div>\n\n\n\n<div class=\"gb-element-6feac52a\">\n<h2 class=\"gb-text gb-text-2d25ea0b\">L&rsquo;art corporel comme outil de transformation<\/h2>\n\n\n\n<p class=\"gb-text gb-text-81e80eba\">Dans les ateliers Gencosmic, l&rsquo;art corporel est un moyen d&rsquo;explorer l&rsquo;identit\u00e9, les \u00e9motions et la perception de son propre corps.<\/p>\n\n\n\n<p class=\"gb-text gb-text-c659ea59\">Par le contact avec les mat\u00e9riaux, le fa\u00e7onnage conscient et l&rsquo;observation, les participants d\u00e9couvrent de nouvelles fa\u00e7ons de se voir, de se sentir et de se comprendre.<\/p>\n\n\n\n<p class=\"gb-text gb-text-1969f32f\">Au-del\u00e0 du r\u00e9sultat final, ce qui importe, c&rsquo;est l&rsquo;exp\u00e9rience v\u00e9cue : la rencontre avec soi-m\u00eame, avec le groupe et avec son corps, v\u00e9cue dans la pr\u00e9sence, la libert\u00e9 et le respect.<\/p>\n\n\n\n<a class=\"gb-text gb-text-86f11ace\" href=\"#contacto\">En savoir plus<\/a>\n<\/div>\n<\/div>\n<\/div>\n\n<div class=\"gb-element-de876bc9\">\n<div class=\"gb-element-a790b867\">\n<h2 class=\"gb-text gb-text-7941fb8b\">Lieux de pr\u00e9sence<\/h2>\n\n\n\n<div class=\"gb-element-defaa27c\">\n<div class=\"gb-element-e21e1b6e\">\n<a href=\"https:\/\/www.instagram.com\/vaginas.libres\/?hl=fr\" target=\"_blank\" rel=\"noopener\"><img loading=\"lazy\" decoding=\"async\" width=\"2560\" height=\"1799\" class=\"gb-media-24fd43f4\" alt=\"\" src=\"https:\/\/gencosmic.com\/wp-content\/uploads\/2026\/03\/logo-vaginasLibres-scaled.webp\" title=\"ONA\" srcset=\"https:\/\/gencosmic.com\/wp-content\/uploads\/2026\/03\/logo-vaginasLibres-scaled.webp 2560w, https:\/\/gencosmic.com\/wp-content\/uploads\/2026\/03\/logo-vaginasLibres-300x211.webp 300w, https:\/\/gencosmic.com\/wp-content\/uploads\/2026\/03\/logo-vaginasLibres-1024x720.webp 1024w, https:\/\/gencosmic.com\/wp-content\/uploads\/2026\/03\/logo-vaginasLibres-768x540.webp 768w, https:\/\/gencosmic.com\/wp-content\/uploads\/2026\/03\/logo-vaginasLibres-1536x1079.webp 1536w, https:\/\/gencosmic.com\/wp-content\/uploads\/2026\/03\/logo-vaginasLibres-2048x1439.webp 2048w\" sizes=\"auto, (max-width: 2560px) 100vw, 2560px\" \/><\/a>\n\n\n\n<p class=\"gb-text gb-text-51144cec\"><strong>Vaginas Libres<\/strong><\/p>\n\n\n\n<p class=\"gb-text gb-text-9a1c765a\">Ateliers collaboratifs :<\/p>\n\n\n\n<p>ENTRE VULVAS<\/p>\n<\/div>\n\n\n\n<div class=\"gb-element-984394da\">\n<a href=\"https:\/\/www.instagram.com\/liberandoutopias.psicologia\/\" target=\"_blank\" rel=\"noopener\"><img loading=\"lazy\" decoding=\"async\" width=\"740\" height=\"521\" class=\"gb-media-78882360\" alt=\"\" src=\"https:\/\/gencosmic.com\/wp-content\/uploads\/2026\/03\/740.webp\" title=\"740\" srcset=\"https:\/\/gencosmic.com\/wp-content\/uploads\/2026\/03\/740.webp 740w, https:\/\/gencosmic.com\/wp-content\/uploads\/2026\/03\/740-300x211.webp 300w\" sizes=\"auto, (max-width: 740px) 100vw, 740px\" \/><\/a>\n\n\n\n<p class=\"gb-text gb-text-2c0c677b\"><strong><strong>Evelyn Cano<\/strong><\/strong><\/p>\n\n\n\n<p class=\"gb-text gb-text-bf23efc2\">Atelier en collaboration avec<br>Evelyn, psychologue sp\u00e9cialis\u00e9e dans le bien-\u00eatre des femmes.<\/p>\n<\/div>\n\n\n\n<div class=\"gb-element-77c670e3\">\n<a href=\"https:\/\/queironsana.com\/?srsltid=AfmBOopTnuJbAXw7GIFX_EvL-EigNeiivIxIbj96rba4r7huVohQJPj9\" target=\"_blank\" rel=\"noopener\"><img loading=\"lazy\" decoding=\"async\" width=\"740\" height=\"521\" class=\"gb-media-47dd58eb\" alt=\"\" src=\"https:\/\/gencosmic.com\/wp-content\/uploads\/2026\/03\/EvaMonRo-740.webp\" title=\"485526256_3930690273811364_8493970385367523076_n\" srcset=\"https:\/\/gencosmic.com\/wp-content\/uploads\/2026\/03\/EvaMonRo-740.webp 740w, https:\/\/gencosmic.com\/wp-content\/uploads\/2026\/03\/EvaMonRo-740-300x211.webp 300w\" sizes=\"auto, (max-width: 740px) 100vw, 740px\" \/><\/a>\n\n\n\n<p class=\"gb-text gb-text-1888bf3a\"><strong><strong>Envulvate<\/strong><\/strong><\/p>\n\n\n\n<p class=\"gb-text gb-text-93c403f4\">Atelier en collaboration avec<br>Eva Monro et les c\u00e9r\u00e9monies du cacao.<\/p>\n<\/div>\n\n\n\n<div class=\"gb-element-2fe320df\">\n<a href=\"https:\/\/martacarus.com\/\" target=\"_blank\" rel=\"noopener\"><img loading=\"lazy\" decoding=\"async\" width=\"740\" height=\"521\" class=\"gb-media-123b2086\" alt=\"\" src=\"https:\/\/gencosmic.com\/wp-content\/uploads\/2026\/03\/quien-soy-740.webp\" title=\"485526256_3930690273811364_8493970385367523076_n\" srcset=\"https:\/\/gencosmic.com\/wp-content\/uploads\/2026\/03\/quien-soy-740.webp 740w, https:\/\/gencosmic.com\/wp-content\/uploads\/2026\/03\/quien-soy-740-300x211.webp 300w\" sizes=\"auto, (max-width: 740px) 100vw, 740px\" \/><\/a>\n\n\n\n<p class=\"gb-text gb-text-3f4be6c2\"><strong><strong><strong>Vulvette<\/strong><\/strong><\/strong><\/p>\n\n\n\n<p class=\"gb-text gb-text-10e5735d\">Atelier en collaboration avec<br>Marta Car\u00fas et la r\u00e9volution du soin.<\/p>\n<\/div>\n<\/div>\n\n\n\n<div class=\"gb-element-315bd6b7\">\n<div class=\"gb-element-8dc7fee3\">\n<img loading=\"lazy\" decoding=\"async\" width=\"1667\" height=\"521\" class=\"gb-media-bc14d1c3\" alt=\"\" title=\"user\" src=\"https:\/\/gencosmic.com\/wp-content\/uploads\/2026\/03\/user.png\" srcset=\"https:\/\/gencosmic.com\/wp-content\/uploads\/2026\/03\/user.png 1667w, https:\/\/gencosmic.com\/wp-content\/uploads\/2026\/03\/user-300x94.png 300w, https:\/\/gencosmic.com\/wp-content\/uploads\/2026\/03\/user-1024x320.png 1024w, https:\/\/gencosmic.com\/wp-content\/uploads\/2026\/03\/user-768x240.png 768w, https:\/\/gencosmic.com\/wp-content\/uploads\/2026\/03\/user-1536x480.png 1536w\" sizes=\"auto, (max-width: 1667px) 100vw, 1667px\" \/>\n\n\n\n<p class=\"gb-text gb-text-d7cda112\"><strong><strong><strong>Vulvarte<\/strong><\/strong><\/strong><\/p>\n\n\n\n<p class=\"gb-text gb-text-d406ad4e\">Atelier en collaboration avec<br>Coral Coco, Magie et sexualit\u00e9 f\u00e9minine.<\/p>\n<\/div>\n\n\n\n<div class=\"gb-element-c9147e37\">\n<a href=\"https:\/\/queironsana.com\/?srsltid=AfmBOopTnuJbAXw7GIFX_EvL-EigNeiivIxIbj96rba4r7huVohQJPj9\" target=\"_blank\" rel=\"noopener\"><img loading=\"lazy\" decoding=\"async\" width=\"740\" height=\"521\" class=\"gb-media-69d24edd\" alt=\"\" src=\"https:\/\/gencosmic.com\/wp-content\/uploads\/2026\/03\/Erasmus-740.webp\" title=\"485526256_3930690273811364_8493970385367523076_n\" srcset=\"https:\/\/gencosmic.com\/wp-content\/uploads\/2026\/03\/Erasmus-740.webp 740w, https:\/\/gencosmic.com\/wp-content\/uploads\/2026\/03\/Erasmus-740-300x211.webp 300w\" sizes=\"auto, (max-width: 740px) 100vw, 740px\" \/><\/a>\n\n\n\n<p class=\"gb-text gb-text-6270b9e9\"><strong><strong><strong>ERASMUS+<\/strong><\/strong><\/strong><\/p>\n\n\n\n<p class=\"gb-text gb-text-2a7f29d7\">Let\u2019s find our power to act, atelier en collaboration avec La Rapagada.<\/p>\n<\/div>\n\n\n\n<div class=\"gb-element-66ac6cae\">\n<a href=\"https:\/\/kinkyloveibiza.com\/\" target=\"_blank\" rel=\"noopener\"><img loading=\"lazy\" decoding=\"async\" width=\"740\" height=\"521\" class=\"gb-media-3a3f1626\" alt=\"\" src=\"https:\/\/gencosmic.com\/wp-content\/uploads\/2026\/03\/cropped-logo-740.webp\" title=\"485526256_3930690273811364_8493970385367523076_n\" srcset=\"https:\/\/gencosmic.com\/wp-content\/uploads\/2026\/03\/cropped-logo-740.webp 740w, https:\/\/gencosmic.com\/wp-content\/uploads\/2026\/03\/cropped-logo-740-300x211.webp 300w\" sizes=\"auto, (max-width: 740px) 100vw, 740px\" \/><\/a>\n\n\n\n<p class=\"gb-text gb-text-56ef8c56\"><strong><strong><strong>Vulvart<\/strong><\/strong><\/strong><\/p>\n\n\n\n<p class=\"gb-text gb-text-ec7ec912\">Atelier en collaboration avec<br>Kinky Love Ibiza.<\/p>\n<\/div>\n<\/div>\n<\/div>\n<\/div>\n\n<div class=\"gb-element-ff70987f\" id=\"contacto\">\n<div class=\"gb-element-5712bbe3\">\n<div class=\"gb-element-0b031772\">\n<h2 class=\"gb-text gb-text-acb63678\">Souhaitez-vous organiser un atelier dans votre ville ou votre centre ?<\/h2>\n\n\n\n<p class=\"gb-text gb-text-597764e0\">Si vous souhaitez organiser un atelier de connaissance de soi avec Gencosmic ou obtenir plus d&rsquo;informations, n&rsquo;h\u00e9sitez pas \u00e0 nous contacter.<\/p>\n\n\n\n<p class=\"gb-text gb-text-804dabcd\">Dites-nous ce que vous souhaitez et nous vous enverrons une proposition adapt\u00e9e \u00e0 votre centre, groupe ou communaut\u00e9.<\/p>\n\n\n\n<div class=\"gb-element-404c839b\">\n<div class=\"gb-element-86de89cc\">\n\n\n\n<\/div>\n<\/div>\n<\/div>\n<\/div>\n<\/div>\n\n<div class=\"gb-element-21f44bff\">\n<div class=\"gb-element-6cf9eb96\">\n<h2 class=\"gb-text gb-text-13d2820b\">Questions fr\u00e9quentes sur les ateliers de d\u00e9veloppement personnel<\/h2>\n\n\n<div id=\"rank-math-faq\" class=\"rank-math-block\">\n<div class=\"rank-math-list \">\n<div id=\"faq-question-1762268324886\" class=\"rank-math-list-item\">\n<h3 class=\"rank-math-question \">Ai-je besoin d&rsquo;une exp\u00e9rience artistique pr\u00e9alable ?<\/h3>\n<div class=\"rank-math-answer \">\n\n<p>Non. Nos ateliers sont con\u00e7us pour tous, quel que soit leur niveau ou leurs connaissances artistiques. L&rsquo;important, c&rsquo;est l&rsquo;envie de participer, de cr\u00e9er et d&rsquo;appr\u00e9cier le processus.  <\/p>\n\n<\/div>\n<\/div>\n<div id=\"faq-question-1762268340097\" class=\"rank-math-list-item\">\n<h3 class=\"rank-math-question \">Quels sont les mat\u00e9riaux utilis\u00e9s lors des ateliers ?<\/h3>\n<div class=\"rank-math-answer \">\n\n<p>Nous utilisons des mat\u00e9riaux s\u00fbrs et \u00e9cologiques, biocompatibles avec la peau. L&rsquo;ensemble du processus est encadr\u00e9 pour garantir une exp\u00e9rience confortable, cr\u00e9ative et s\u00e9curis\u00e9e. <\/p>\n\n<\/div>\n<\/div>\n<div id=\"faq-question-1762268340779\" class=\"rank-math-list-item\">\n<h3 class=\"rank-math-question \">Combien de temps dure un atelier de automoulage?<\/h3>\n<div class=\"rank-math-answer \">\n\n<p>La dur\u00e9e varie entre 3 et 4 heures, selon le groupe et le format. Elle comprend une introduction th\u00e9orique, le processus cr\u00e9atif et un temps final de r\u00e9flexion collective. <\/p>\n\n<\/div>\n<\/div>\n<div id=\"faq-question-1762268341850\" class=\"rank-math-list-item\">\n<h3 class=\"rank-math-question \">O\u00f9 peuvent se d\u00e9rouler les ateliers ?<\/h3>\n<div class=\"rank-math-answer \">\n\n<p>Les ateliers peuvent se tenir dans des centres culturels, des espaces priv\u00e9s ou des lieux ind\u00e9pendants. Il suffit d&rsquo;un endroit calme, bien a\u00e9r\u00e9 et disposant d&rsquo;un acc\u00e8s \u00e0 l&rsquo;eau courante. <\/p>\n\n<\/div>\n<\/div>\n<div id=\"faq-question-1762268342458\" class=\"rank-math-list-item\">\n<h3 class=\"rank-math-question \">Combien de personnes peuvent participer ?<\/h3>\n<div class=\"rank-math-answer \">\n\n<p>Nous travaillons avec de petits groupes, g\u00e9n\u00e9ralement de 8 \u00e0 15 personnes, afin d&rsquo;offrir un soutien \u00e9troit et personnalis\u00e9.<\/p>\n\n<\/div>\n<\/div>\n<\/div>\n<\/div><\/div>\n<\/div>\n","protected":false},"excerpt":{"rendered":"<p>Ateliers de connaissance de soi art, corps et connexion D\u00e9couvrez le pouvoir du processus cr\u00e9atif pour mieux vous conna\u00eetre. Ateliers exp\u00e9rientiels pour renouer avec le corps et la cr\u00e9ativit\u00e9 Les ateliers de connaissance de soi de Gencosmic sont des exp\u00e9riences de groupe immersives con\u00e7ues pour explorer le corps, les \u00e9motions et l&rsquo;identit\u00e9 \u00e0 travers l&rsquo;art &#8230; <a title=\"Ateliers\" class=\"read-more\" href=\"https:\/\/gencosmic.com\/fr\/ateliers\/\" aria-label=\"En savoir plus sur Ateliers\">Read More<\/a><\/p>\n","protected":false},"author":1,"featured_media":0,"parent":0,"menu_order":0,"comment_status":"closed","ping_status":"closed","template":"","meta":{"footnotes":""},"class_list":["post-9249","page","type-page","status-publish"],"_links":{"self":[{"href":"https:\/\/gencosmic.com\/fr\/wp-json\/wp\/v2\/pages\/9249","targetHints":{"allow":["GET"]}}],"collection":[{"href":"https:\/\/gencosmic.com\/fr\/wp-json\/wp\/v2\/pages"}],"about":[{"href":"https:\/\/gencosmic.com\/fr\/wp-json\/wp\/v2\/types\/page"}],"author":[{"embeddable":true,"href":"https:\/\/gencosmic.com\/fr\/wp-json\/wp\/v2\/users\/1"}],"replies":[{"embeddable":true,"href":"https:\/\/gencosmic.com\/fr\/wp-json\/wp\/v2\/comments?post=9249"}],"version-history":[{"count":2,"href":"https:\/\/gencosmic.com\/fr\/wp-json\/wp\/v2\/pages\/9249\/revisions"}],"predecessor-version":[{"id":9258,"href":"https:\/\/gencosmic.com\/fr\/wp-json\/wp\/v2\/pages\/9249\/revisions\/9258"}],"wp:attachment":[{"href":"https:\/\/gencosmic.com\/fr\/wp-json\/wp\/v2\/media?parent=9249"}],"curies":[{"name":"wp","href":"https:\/\/api.w.org\/{rel}","templated":true}]}}