{"id":9271,"date":"2025-11-04T19:05:48","date_gmt":"2025-11-04T17:05:48","guid":{"rendered":"https:\/\/gencosmic.com\/proyecto\/"},"modified":"2026-04-24T13:28:54","modified_gmt":"2026-04-24T11:28:54","slug":"proyecto","status":"publish","type":"page","link":"https:\/\/gencosmic.com\/fr\/proyecto\/","title":{"rendered":"Proyecto"},"content":{"rendered":"\n<div class=\"gb-element-0a25be2f\">\n<div class=\"gb-element-c0e7c99c\">\n<p class=\"gb-text gb-text-321e9987\"><strong>Gencosmic<\/strong><\/p>\n\n\n\n<div class=\"gb-element-dcd2368a\"><\/div>\n\n\n\n<h1 class=\"gb-text gb-text-7a3c55d9\">Un pont entre l&rsquo;art, le corps et la sexualit\u00e9<\/h1>\n<\/div>\n<\/div>\n\n<div class=\"gb-element-ac03c92d\">\n<div class=\"gb-element-2f2379bf\">\n<div class=\"gb-element-609836a3\">\n<h2 class=\"gb-text gb-text-6d645444\">Relier la cr\u00e9ativit\u00e9, la conscience, le corps et la sexualit\u00e9<\/h2>\n\n\n\n<p class=\"gb-text gb-text-6fe73606\">Gencosmic est un projet d&rsquo;art corporel et d&rsquo;\u00e9ducation sexuelle qui utilise la sculpture de corps r\u00e9els comme outil de sensibilisation, d&rsquo;apprentissage et de transformation sociale. <\/p>\n<\/div>\n\n\n\n<div class=\"gb-element-418cb55e\">\n<p class=\"gb-text gb-text-e2a36cda\"><em>Elle na\u00eet de la rencontre entre le corps et la sexualit\u00e9, appr\u00e9hendant le corps non comme un objet \u00e0 corriger, mais comme un langage vivant qui exprime l&rsquo;identit\u00e9, l&rsquo;histoire, l&rsquo;\u00e9motion et la diversit\u00e9.<\/em><\/p>\n<\/div>\n<\/div>\n<\/div>\n\n<div class=\"gb-element-cca821d6\">\n<div class=\"gb-element-3cb5a254\">\n<h2 class=\"gb-text gb-text-39605df1\">Le pouvoir transformateur de l&rsquo;art corporel<\/h2>\n\n\n\n<p class=\"gb-text gb-text-25ad05ae\">L&rsquo;art corporel a le pouvoir de rendre visible ce qui a \u00e9t\u00e9 cach\u00e9, stigmatis\u00e9 ou normalis\u00e9 pendant des si\u00e8cles.<\/p>\n\n\n\n<p class=\"gb-text gb-text-d233352a\">Chez Gencosmic, nous travaillons avec de vrais corps pour :<\/p>\n\n\n\n<div class=\"gb-element-467484b0\">\n<div class=\"gb-element-82c1b444\">\n<p class=\"gb-text-63f3cab4\"><span class=\"gb-shape\"><\/span><\/p>\n\n\n\n<p class=\"gb-text gb-text-134132a8\">Rendre visible la diversit\u00e9 g\u00e9nitale et corporelle<\/p>\n<\/div>\n\n\n\n<div class=\"gb-element-87702e62\">\n<p class=\"gb-text-dbdf0d9a\"><span class=\"gb-shape\">\n    \n      \n    \n  \n    \n      \n        \n      \n    \n    \n      \n    \n    \n      \n    \n    \n      \n    \n    \n      \n    \n    \n      \n    \n    \n      \n    \n  <\/span><\/p>\n\n\n\n<p class=\"gb-text gb-text-5492422c\">Remettre en question les mod\u00e8les esth\u00e9tiques impos\u00e9s<\/p>\n<\/div>\n\n\n\n<div class=\"gb-element-055f3b1a\">\n<p class=\"gb-text-95c55637\"><span class=\"gb-shape\"><\/span><\/p>\n\n\n\n<p class=\"gb-text gb-text-f1c62a4c\">Susciter l&#8217;empathie et la reconnaissance<\/p>\n<\/div>\n\n\n\n<div class=\"gb-element-7bf4a8e3\">\n<p class=\"gb-text-80d2001c\"><span class=\"gb-shape\"><\/span><\/p>\n\n\n\n<p class=\"gb-text gb-text-2e709567\">Pour accompagner les processus personnels et collectifs de connaissance de soi<\/p>\n<\/div>\n<\/div>\n\n\n\n<p class=\"gb-text gb-text-b206d899\">L\u2019art, le corps et la sexualit\u00e9 deviennent ainsi un outil p\u00e9dagogique, \u00e9motionnel et politique, capable de transformer notre fa\u00e7on de nous percevoir et d\u2019entretenir un rapport au corps.<\/p>\n<\/div>\n<\/div>\n\n<div class=\"gb-element-5e40751e\">\n<div class=\"gb-element-88b528a8\">\n<div class=\"gb-element-7cdb251d\"><\/div>\n\n\n\n<div class=\"gb-element-532a8f35\">\n\n\n<h2 class=\"gb-text gb-text-b902fb2b\">\u00c9ducation sexuelle inclusive par l&rsquo;art<\/h2>\n\n\n\n<p class=\"gb-text gb-text-0c35e11b\">Chez Gencosmic, nous d\u00e9veloppons des ressources \u00e9ducatives et artistiques destin\u00e9es aux institutions, aux enseignants et aux professionnels qui souhaitent aborder l&rsquo;\u00e9ducation sexuelle sous un angle :<\/p>\n\n\n\n<div class=\"gb-element-009b4059\">\n<p class=\"gb-text-992b986b\"><span class=\"gb-shape\"><\/span><span class=\"gb-text\">R\u00e9el et entier<\/span><\/p>\n\n\n\n<p class=\"gb-text-cc4aa5fc\"><span class=\"gb-shape\"><\/span><span class=\"gb-text\">Inclusif avec toutes les r\u00e9alit\u00e9s<\/span><\/p>\n\n\n\n<p class=\"gb-text-faaa5a54\"><span class=\"gb-shape\"><\/span><span class=\"gb-text\">\u00c9thique et responsable<\/span><\/p>\n\n\n\n<p class=\"gb-text-177991d8\"><span class=\"gb-shape\"><\/span><span class=\"gb-text\">Libre de tout pr\u00e9jug\u00e9<\/span><\/p>\n<\/div>\n\n\n\n<a class=\"gb-text gb-text-b0b9d2e5\" href=\"https:\/\/gencosmic.com\/fr\/education\/\">En savoir plus<\/a>\n<\/div>\n<\/div>\n<\/div>\n\n<div class=\"gb-element-8c708e48\">\n<div class=\"gb-element-bb318c49\">\n<div class=\"gb-element-ff3e1c07\">\n<h2 class=\"gb-text gb-text-04534b4f\">Art, corps et sexualit\u00e9<\/h2>\n\n\n\n<p class=\"gb-text gb-text-239d377e\">Gencosmic ne se limite pas \u00e0 une dimension \u00e9ducative et collective. Il accompagne \u00e9galement des processus intimes de r\u00e9conciliation avec le corps. <\/p>\n\n\n\n<p class=\"gb-text gb-text-7c429cfb\">Les cr\u00e9ations personnalis\u00e9es permettent \u00e0 chaque personne de :<\/p>\n\n\n\n<div class=\"gb-element-f7e5f2ae\">\n<p class=\"gb-text-9ba09bb5\"><span class=\"gb-shape\"><\/span><span class=\"gb-text\">Se regarder sans jugement<\/span><\/p>\n\n\n\n<p class=\"gb-text-1f0df6de\"><span class=\"gb-shape\"><\/span><span class=\"gb-text\">Reconna\u00eetre leur singularit\u00e9<\/span><\/p>\n\n\n\n<p class=\"gb-text-91bb4c18\"><span class=\"gb-shape\"><\/span><span class=\"gb-text\">Mat\u00e9rialiser leur corps comme m\u00e9moire et pr\u00e9sence<\/span><\/p>\n<\/div>\n\n\n\n<a class=\"gb-text gb-text-5f1e514f\" href=\"https:\/\/gencosmic.com\/fr\/creations-personnalisees\/\">En savoir plus<\/a>\n<\/div>\n\n\n\n<div class=\"gb-element-d0d03da6\"><\/div>\n<\/div>\n<\/div>\n\n<div class=\"gb-element-2562526c\">\n<div class=\"gb-element-a0a038c6\">\n<div class=\"gb-element-46ed245b\"><\/div>\n\n\n\n<div class=\"gb-element-6feac52a\">\n<h2 class=\"gb-text gb-text-2d25ea0b\">Expositions et ateliers<\/h2>\n\n\n\n<p class=\"gb-text gb-text-81e80eba\">Gencosmic investit les espaces culturels, \u00e9ducatifs et communautaires \u00e0 travers des expositions et des ateliers collectifs.<\/p>\n\n\n\n<p class=\"gb-text gb-text-c659ea59\">Les expositions pr\u00e9sentent des sculptures de corps r\u00e9els accompagn\u00e9es de t\u00e9moignages, de textes et de ressources visuelles qui invitent \u00e0 la r\u00e9flexion sur la diversit\u00e9 et l&rsquo;exp\u00e9rience humaine.<\/p>\n\n\n\n<p class=\"gb-text gb-text-1969f32f\">Les ateliers sont des activit\u00e9s exp\u00e9rientielles o\u00f9 le corps, la cr\u00e9ativit\u00e9 et la conscience se rencontrent dans le respect et la bienveillance.<\/p>\n\n\n\n<div class=\"gb-element-3c506494\">\n<p class=\"gb-text-4c96a963\"><span class=\"gb-shape\"><\/span><span class=\"gb-text\">Espaces priv\u00e9s<\/span><\/p>\n\n\n\n<p class=\"gb-text-4e8df61f\"><span class=\"gb-shape\"><\/span><span class=\"gb-text\">Associations culturelles<\/span><\/p>\n\n\n\n<p class=\"gb-text-606b445e\"><span class=\"gb-shape\"><\/span><span class=\"gb-text\">Centres de sant\u00e9<\/span><\/p>\n\n\n\n<p class=\"gb-text-e8db2e48\"><span class=\"gb-shape\"><\/span><span class=\"gb-text\">Espaces artistiques<\/span><\/p>\n<\/div>\n\n\n\n<div class=\"gb-element-00b08ec4\">\n<a class=\"gb-text gb-text-c2089134\" href=\"https:\/\/gencosmic.com\/fr\/ateliers\/\">Ateliers<\/a>\n\n\n\n<a class=\"gb-text gb-text-7fb023e9 btn-secondary\" href=\"https:\/\/gencosmic.com\/fr\/expositions\/\">Expositions<\/a>\n<\/div>\n<\/div>\n<\/div>\n<\/div>\n\n<div class=\"gb-element-bacea523\">\n<div class=\"gb-element-a877ba69\">\n<h2 class=\"gb-text gb-text-3294152d\">Qui sommes-nous ?<\/h2>\n\n\n\n<div class=\"gb-element-c50c810b\">\n<div class=\"gb-element-0f21b023\">\n<img loading=\"lazy\" decoding=\"async\" width=\"1920\" height=\"2560\" class=\"gb-media-eed85917\" alt=\"\" src=\"https:\/\/gencosmic.com\/wp-content\/uploads\/2026\/03\/ONA-scaled.webp\" title=\"ONA\" srcset=\"https:\/\/gencosmic.com\/wp-content\/uploads\/2026\/03\/ONA-scaled.webp 1920w, https:\/\/gencosmic.com\/wp-content\/uploads\/2026\/03\/ONA-225x300.webp 225w, https:\/\/gencosmic.com\/wp-content\/uploads\/2026\/03\/ONA-768x1024.webp 768w, https:\/\/gencosmic.com\/wp-content\/uploads\/2026\/03\/ONA-1152x1536.webp 1152w, https:\/\/gencosmic.com\/wp-content\/uploads\/2026\/03\/ONA-1536x2048.webp 1536w\" sizes=\"auto, (max-width: 1920px) 100vw, 1920px\" \/>\n\n\n\n<p class=\"gb-text gb-text-eec21222\"><strong>Ona<\/strong> Ortiz<\/p>\n\n\n\n<p class=\"gb-text gb-text-9c9ee4c8\">C\u2019est son histoire personnelle de mutilation g\u00e9nitale infantile qui l\u2019a pouss\u00e9e \u00e0 cr\u00e9er ce mouvement de changement, avec l\u2019ambition de contribuer \u00e0 la soci\u00e9t\u00e9 et d\u2019en faire \u00e9voluer les mentalit\u00e9s. Responsable de son impact en Catalogne et en Espagne, elle \u0153uvre \u00e0 travers l\u2019art corporel et la m\u00e9diation p\u00e9dagogique, cr\u00e9ant des espaces o\u00f9 le corps est reconnu comme une source de savoir et de transformation. <\/p>\n<\/div>\n\n\n\n<div class=\"gb-element-984394da\">\n<img loading=\"lazy\" decoding=\"async\" width=\"420\" height=\"420\" class=\"gb-media-78882360\" alt=\"\" src=\"https:\/\/gencosmic.com\/wp-content\/uploads\/2025\/11\/Etienne.png\" title=\"Etienne\" srcset=\"https:\/\/gencosmic.com\/wp-content\/uploads\/2025\/11\/Etienne.png 420w, https:\/\/gencosmic.com\/wp-content\/uploads\/2025\/11\/Etienne-300x300.png 300w, https:\/\/gencosmic.com\/wp-content\/uploads\/2025\/11\/Etienne-150x150.png 150w\" sizes=\"auto, (max-width: 420px) 100vw, 420px\" \/>\n\n\n\n<p class=\"gb-text gb-text-2c0c677b\"><strong><strong>Etienne<\/strong><\/strong> Roullon<\/p>\n\n\n\n<p class=\"gb-text gb-text-bf23efc2\">\u00c9ducateur social bas\u00e9 dans la r\u00e9gion de la Dr\u00f4me (France), il apporte son exp\u00e9rience en sculpture et en art contemporain, int\u00e9grant la conscience corporelle et une perspective artistique inclusive, sensible et empathique.<\/p>\n<\/div>\n<\/div>\n<\/div>\n<\/div>\n\n<div class=\"gb-element-db77960f\">\n<div class=\"gb-element-5e81171f\">\n<div class=\"gb-element-56ebdce3\">\n<h2 class=\"gb-text gb-text-a0c79d5a\">Pr\u00e9sence et trajectoire<\/h2>\n\n\n\n<p class=\"gb-text gb-text-254eb18f\">Gencosmic est pr\u00e9sent dans des espaces culturels, \u00e9ducatifs et des \u00e9v\u00e9nements sp\u00e9cialis\u00e9s, en collaboration avec des institutions engag\u00e9es dans l&rsquo;\u00e9ducation et la diversit\u00e9 corporelle.<\/p>\n\n\n\n<div class=\"gb-element-7c7d9649\">\n<div class=\"gb-element-ac21de41\">\n<a href=\"https:\/\/hospiolot.com\/\" target=\"_blank\" rel=\"noopener\"><img loading=\"lazy\" decoding=\"async\" width=\"1667\" height=\"521\" class=\"gb-media-41d575ad\" src=\"https:\/\/gencosmic.com\/wp-content\/uploads\/2026\/03\/HOSPITAL-OLOT.webp\" title=\"HOSPITAL OLOT\" alt=\"\" srcset=\"https:\/\/gencosmic.com\/wp-content\/uploads\/2026\/03\/HOSPITAL-OLOT.webp 1667w, https:\/\/gencosmic.com\/wp-content\/uploads\/2026\/03\/HOSPITAL-OLOT-300x94.webp 300w, https:\/\/gencosmic.com\/wp-content\/uploads\/2026\/03\/HOSPITAL-OLOT-1024x320.webp 1024w, https:\/\/gencosmic.com\/wp-content\/uploads\/2026\/03\/HOSPITAL-OLOT-768x240.webp 768w, https:\/\/gencosmic.com\/wp-content\/uploads\/2026\/03\/HOSPITAL-OLOT-1536x480.webp 1536w\" sizes=\"auto, (max-width: 1667px) 100vw, 1667px\" \/><\/a>\n\n\n<\/div>\n\n\n\n<div class=\"gb-element-e388c90b\">\n<img loading=\"lazy\" decoding=\"async\" width=\"1667\" height=\"521\" class=\"gb-media-c6ffbede\" src=\"https:\/\/gencosmic.com\/wp-content\/uploads\/2026\/03\/colabora-associacio-bioritme-logo.webp\" title=\"colabora-associacio-bioritme-logo\" alt=\"\" srcset=\"https:\/\/gencosmic.com\/wp-content\/uploads\/2026\/03\/colabora-associacio-bioritme-logo.webp 1667w, https:\/\/gencosmic.com\/wp-content\/uploads\/2026\/03\/colabora-associacio-bioritme-logo-300x94.webp 300w, https:\/\/gencosmic.com\/wp-content\/uploads\/2026\/03\/colabora-associacio-bioritme-logo-1024x320.webp 1024w, https:\/\/gencosmic.com\/wp-content\/uploads\/2026\/03\/colabora-associacio-bioritme-logo-768x240.webp 768w, https:\/\/gencosmic.com\/wp-content\/uploads\/2026\/03\/colabora-associacio-bioritme-logo-1536x480.webp 1536w\" sizes=\"auto, (max-width: 1667px) 100vw, 1667px\" \/>\n\n\n<\/div>\n\n\n\n<div class=\"gb-element-ba86a634\">\n<img loading=\"lazy\" decoding=\"async\" width=\"1667\" height=\"521\" class=\"gb-media-81637e31\" src=\"https:\/\/gencosmic.com\/wp-content\/uploads\/2026\/03\/FOC.webp\" title=\"FOC\" alt=\"\" srcset=\"https:\/\/gencosmic.com\/wp-content\/uploads\/2026\/03\/FOC.webp 1667w, https:\/\/gencosmic.com\/wp-content\/uploads\/2026\/03\/FOC-300x94.webp 300w, https:\/\/gencosmic.com\/wp-content\/uploads\/2026\/03\/FOC-1024x320.webp 1024w, https:\/\/gencosmic.com\/wp-content\/uploads\/2026\/03\/FOC-768x240.webp 768w, https:\/\/gencosmic.com\/wp-content\/uploads\/2026\/03\/FOC-1536x480.webp 1536w\" sizes=\"auto, (max-width: 1667px) 100vw, 1667px\" \/>\n\n\n<\/div>\n\n\n\n<div class=\"gb-element-f68b4614\">\n<img loading=\"lazy\" decoding=\"async\" width=\"1667\" height=\"521\" class=\"gb-media-504aa5a2\" src=\"https:\/\/gencosmic.com\/wp-content\/uploads\/2026\/03\/amU.webp\" title=\"amU\" alt=\"\" srcset=\"https:\/\/gencosmic.com\/wp-content\/uploads\/2026\/03\/amU.webp 1667w, https:\/\/gencosmic.com\/wp-content\/uploads\/2026\/03\/amU-300x94.webp 300w, https:\/\/gencosmic.com\/wp-content\/uploads\/2026\/03\/amU-1024x320.webp 1024w, https:\/\/gencosmic.com\/wp-content\/uploads\/2026\/03\/amU-768x240.webp 768w, https:\/\/gencosmic.com\/wp-content\/uploads\/2026\/03\/amU-1536x480.webp 1536w\" sizes=\"auto, (max-width: 1667px) 100vw, 1667px\" \/>\n\n\n<\/div>\n\n\n\n\n<\/div>\n<\/div>\n<\/div>\n<\/div>\n\n<div class=\"gb-element-a660468c\" id=\"contacto\">\n<div class=\"gb-element-a565e341\">\n<div class=\"gb-element-0b031772\">\n<h2 class=\"gb-text gb-text-acb63678\">Je souhaite collaborer avec GENCOSMIC<\/h2>\n\n\n\n<p class=\"gb-text gb-text-597764e0\">Nous recherchons des espaces, des entit\u00e9s et des personnes qui partagent nos valeurs artistiques, \u00e9ducatives et de respect du corps.<\/p>\n\n\n\n<div class=\"gb-element-404c839b\">\n<div class=\"gb-element-86de89cc\">\n\n\n\n<\/div>\n<\/div>\n<\/div>\n<\/div>\n<\/div>\n\n<div class=\"gb-element-21f44bff\">\n<div class=\"gb-element-6cf9eb96\">\n<div class=\"gb-element-c38025f7\">\n<h2 class=\"gb-text gb-text-13d2820b\">Foire aux questions sur Gencosmic<\/h2>\n\n\n<div id=\"rank-math-faq\" class=\"rank-math-block\">\n<div class=\"rank-math-list \">\n<div id=\"faq-question-1762268324886\" class=\"rank-math-list-item\">\n<h3 class=\"rank-math-question \">Que signifie unir l&rsquo;art et la sexualit\u00e9 dans un projet \u00e9ducatif ?<\/h3>\n<div class=\"rank-math-answer \">\n\n<p>Cela signifie utiliser l&rsquo;art comme un langage pour parler de sexualit\u00e9 dans une perspective inclusive, sensible et r\u00e9aliste. \u00c0 travers nos \u0153uvres et nos ressources, nous cr\u00e9ons des espaces qui invitent \u00e0 la compr\u00e9hension de la diversit\u00e9 corporelle sans pr\u00e9jug\u00e9s et avec respect. <\/p>\n\n<\/div>\n<\/div>\n<div id=\"faq-question-1762268340097\" class=\"rank-math-list-item\">\n<h3 class=\"rank-math-question \">Pourquoi est-il important de repr\u00e9senter des corps r\u00e9els ?<\/h3>\n<div class=\"rank-math-answer \">\n\n<p>Parce que les corps r\u00e9els favorisent l&rsquo;identification, l&#8217;empathie et l&rsquo;apprentissage. Nos mod\u00e8les ne sont pas id\u00e9alis\u00e9s : ils mettent en valeur la diversit\u00e9 authentique des \u00eatres humains, contribuant ainsi \u00e0 d\u00e9construire les st\u00e9r\u00e9otypes et \u00e0 promouvoir une \u00e9ducation plus humaine et inclusive. <\/p>\n\n<\/div>\n<\/div>\n<div id=\"faq-question-1762268340779\" class=\"rank-math-list-item\">\n<h3 class=\"rank-math-question \">Quelles activit\u00e9s propose Gencosmic ?<\/h3>\n<div class=\"rank-math-answer \">\n\n<p>Nous proposons des expositions, des ateliers, des s\u00e9ances personnalis\u00e9es et du mat\u00e9riel p\u00e9dagogique aux institutions et aux particuliers. Tous nos programmes allient art, \u00e9ducation et conscience corporelle. <\/p>\n\n<\/div>\n<\/div>\n<div id=\"faq-question-1762268341850\" class=\"rank-math-list-item\">\n<h3 class=\"rank-math-question \">Comment l&rsquo;\u00e9thique et la confidentialit\u00e9 sont-elles garanties dans ce processus ?<\/h3>\n<div class=\"rank-math-answer \">\n\n<p>Chaque exp\u00e9rience repose sur le consentement \u00e9clair\u00e9 et un accompagnement respectueux. L\u2019ensemble du processus se d\u00e9roule dans un cadre priv\u00e9 et s\u00e9curisant, en accordant une attention particuli\u00e8re au bien-\u00eatre physique et \u00e9motionnel de chaque personne. <\/p>\n\n<\/div>\n<\/div>\n<div id=\"faq-question-1762268342458\" class=\"rank-math-list-item\">\n<h3 class=\"rank-math-question \">O\u00f9 puis-je en apprendre davantage sur ce projet ?<\/h3>\n<div class=\"rank-math-answer \">\n\n<p>Vous pouvez visiter nos expositions itin\u00e9rantes, participer \u00e0 un atelier ou contacter notre \u00e9quipe pour plus d&rsquo;informations. Nous mettons \u00e9galement \u00e0 disposition des ressources p\u00e9dagogiques pour les institutions int\u00e9ress\u00e9es. <\/p>\n\n<\/div>\n<\/div>\n<\/div>\n<\/div><\/div>\n<\/div>\n<\/div>\n","protected":false},"excerpt":{"rendered":"<p>Gencosmic Un pont entre l&rsquo;art, le corps et la sexualit\u00e9 Relier la cr\u00e9ativit\u00e9, la conscience, le corps et la sexualit\u00e9 Gencosmic est un projet d&rsquo;art corporel et d&rsquo;\u00e9ducation sexuelle qui utilise la sculpture de corps r\u00e9els comme outil de sensibilisation, d&rsquo;apprentissage et de transformation sociale. Elle na\u00eet de la rencontre entre le corps et la &#8230; <a title=\"Proyecto\" class=\"read-more\" href=\"https:\/\/gencosmic.com\/fr\/proyecto\/\" aria-label=\"En savoir plus sur Proyecto\">Read More<\/a><\/p>\n","protected":false},"author":1,"featured_media":9270,"parent":0,"menu_order":0,"comment_status":"closed","ping_status":"closed","template":"","meta":{"footnotes":""},"class_list":["post-9271","page","type-page","status-publish","has-post-thumbnail"],"_links":{"self":[{"href":"https:\/\/gencosmic.com\/fr\/wp-json\/wp\/v2\/pages\/9271","targetHints":{"allow":["GET"]}}],"collection":[{"href":"https:\/\/gencosmic.com\/fr\/wp-json\/wp\/v2\/pages"}],"about":[{"href":"https:\/\/gencosmic.com\/fr\/wp-json\/wp\/v2\/types\/page"}],"author":[{"embeddable":true,"href":"https:\/\/gencosmic.com\/fr\/wp-json\/wp\/v2\/users\/1"}],"replies":[{"embeddable":true,"href":"https:\/\/gencosmic.com\/fr\/wp-json\/wp\/v2\/comments?post=9271"}],"version-history":[{"count":2,"href":"https:\/\/gencosmic.com\/fr\/wp-json\/wp\/v2\/pages\/9271\/revisions"}],"predecessor-version":[{"id":9276,"href":"https:\/\/gencosmic.com\/fr\/wp-json\/wp\/v2\/pages\/9271\/revisions\/9276"}],"wp:featuredmedia":[{"embeddable":true,"href":"https:\/\/gencosmic.com\/fr\/wp-json\/wp\/v2\/media\/9270"}],"wp:attachment":[{"href":"https:\/\/gencosmic.com\/fr\/wp-json\/wp\/v2\/media?parent=9271"}],"curies":[{"name":"wp","href":"https:\/\/api.w.org\/{rel}","templated":true}]}}